{"id":1306,"date":"2025-09-02T04:59:15","date_gmt":"2025-09-02T04:59:15","guid":{"rendered":"https:\/\/royalbullystars.com\/chiens-de-poche-bully-americains\/"},"modified":"2025-09-03T17:30:43","modified_gmt":"2025-09-03T17:30:43","slug":"chiens-de-poche-bully-americains","status":"publish","type":"page","link":"https:\/\/royalbullystars.com\/fr\/chiens-de-poche-bully-americains\/","title":{"rendered":"Chiens de poche bully am\u00e9ricains"},"content":{"rendered":"\t\t<div data-elementor-type=\"wp-page\" data-elementor-id=\"1306\" class=\"elementor elementor-1306 elementor-106\" data-elementor-post-type=\"page\">\n\t\t\t\t<div class=\"elementor-element elementor-element-f97e0e0 e-flex e-con-boxed e-con e-parent\" data-id=\"f97e0e0\" data-element_type=\"container\" data-e-type=\"container\" data-settings=\"{&quot;background_background&quot;:&quot;classic&quot;}\">\n\t\t\t\t\t<div class=\"e-con-inner\">\n\t\t\t\t<div class=\"elementor-element elementor-element-61c37fc elementor-mobile-align-center elementor-widget elementor-widget-breadcrumbs\" data-id=\"61c37fc\" data-element_type=\"widget\" data-e-type=\"widget\" data-widget_type=\"breadcrumbs.default\">\n\t\t\t\t<div class=\"elementor-widget-container\">\n\t\t\t\t\t<span><span class=\"last\">Royal Bully Stars Kennel<\/span><\/span>\t\t\t\t<\/div>\n\t\t\t\t<\/div>\n\t\t\t\t<div class=\"elementor-element elementor-element-4632265 elementor-widget elementor-widget-text-editor\" data-id=\"4632265\" data-element_type=\"widget\" data-e-type=\"widget\" data-widget_type=\"text-editor.default\">\n\t\t\t\t\t\t\t\t\t<p>Ces chiens sont <strong data-start=\"12685\" data-end=\"12714\">la pierre angulaire de notre \u00e9levage<\/strong> et la meilleure preuve de la qualit\u00e9 dont nous sommes fiers. Chaque chien que vous voyez sur cette page a \u00e9t\u00e9 soigneusement s\u00e9lectionn\u00e9 pour ses qualit\u00e9s exceptionnelles&nbsp;: de son apparence impressionnante \u00e0 son pedigree exceptionnel, en passant par son caract\u00e8re exceptionnel. <\/p>\t\t\t\t\t\t\t\t<\/div>\n\t\t\t\t\t<\/div>\n\t\t\t\t<\/div>\n\t\t<div class=\"elementor-element elementor-element-4b673db e-flex e-con-boxed e-con e-parent\" data-id=\"4b673db\" data-element_type=\"container\" data-e-type=\"container\">\n\t\t\t\t\t<div class=\"e-con-inner\">\n\t\t\t\t<div class=\"elementor-element elementor-element-4d9f0f8 elementor-grid-2 elementor-grid-tablet-2 elementor-grid-mobile-1 elementor-widget elementor-widget-loop-grid\" data-id=\"4d9f0f8\" data-element_type=\"widget\" data-e-type=\"widget\" data-settings=\"{&quot;template_id&quot;:314,&quot;columns&quot;:2,&quot;_skin&quot;:&quot;post&quot;,&quot;columns_tablet&quot;:&quot;2&quot;,&quot;columns_mobile&quot;:&quot;1&quot;,&quot;edit_handle_selector&quot;:&quot;[data-elementor-type=\\&quot;loop-item\\&quot;]&quot;,&quot;row_gap&quot;:{&quot;unit&quot;:&quot;px&quot;,&quot;size&quot;:&quot;&quot;,&quot;sizes&quot;:[]},&quot;row_gap_tablet&quot;:{&quot;unit&quot;:&quot;px&quot;,&quot;size&quot;:&quot;&quot;,&quot;sizes&quot;:[]},&quot;row_gap_mobile&quot;:{&quot;unit&quot;:&quot;px&quot;,&quot;size&quot;:&quot;&quot;,&quot;sizes&quot;:[]}}\" data-widget_type=\"loop-grid.post\">\n\t\t\t\t<div class=\"elementor-widget-container\">\n\t\t\t\t\t\t\t<div class=\"elementor-loop-container elementor-grid\" role=\"list\">\n\t\t<style id=\"loop-314\">.elementor-314 .elementor-element.elementor-element-2fbfd58{--display:flex;border-style:solid;--border-style:solid;border-width:1px 1px 1px 1px;--border-top-width:1px;--border-right-width:1px;--border-bottom-width:1px;--border-left-width:1px;border-color:var( --e-global-color-57a29b1 );--border-color:var( --e-global-color-57a29b1 );--padding-top:10px;--padding-bottom:10px;--padding-left:10px;--padding-right:10px;}.elementor-314 .elementor-element.elementor-element-2fbfd58:not(.elementor-motion-effects-element-type-background), .elementor-314 .elementor-element.elementor-element-2fbfd58 > .elementor-motion-effects-container > .elementor-motion-effects-layer{background-color:var( --e-global-color-304d273 );}.elementor-314 .elementor-element.elementor-element-d4ac81a .ekit_image_caption_title, .elementor-314 .elementor-element.elementor-element-d4ac81a .ekit_image_caption_title_show{font-family:\"Roboto\", Sans-serif;font-size:1.2em;font-weight:600;}.elementor-314 .elementor-element.elementor-element-d4ac81a .ekit_image_caption_title span, .elementor-314 .elementor-element.elementor-element-d4ac81a .ekit_image_caption_title_show span{font-family:\"Roboto\", Sans-serif;}.elementor-314 .elementor-element.elementor-element-d4ac81a .ekit_image_caption_title{margin:0px 0px 0px 0px;}.elementor-314 .elementor-element.elementor-element-d4ac81a .ekit_image_caption_description, .elementor-314 .elementor-element.elementor-element-d4ac81a .ekit_image_caption_description_show{font-family:\"Roboto\", Sans-serif;}.elementor-314 .elementor-element.elementor-element-d4ac81a .ekit_image_caption_description{margin:10px 0px 8px 0px;}.elementor-314 .elementor-element.elementor-element-d4ac81a .ekit_image_corner_zoom_back::before, .elementor-314 .elementor-element.elementor-element-d4ac81a .ekit_image_corner_zoom_back::after, .elementor-314 .elementor-element.elementor-element-d4ac81a .ekit_image_corner_zoom_back .ekit_overlay_inner::before, .elementor-314 .elementor-element.elementor-element-d4ac81a .ekit_image_corner_zoom_back .ekit_overlay_inner::after{border-color:var( --e-global-color-primary );}.elementor-314 .elementor-element.elementor-element-d4ac81a .ekit_image_blend_mode::after{border-color:var( --e-global-color-primary );border-width:10px;}.elementor-314 .elementor-element.elementor-element-d4ac81a .ekit_creative_image_hover::before, .elementor-314 .elementor-element.elementor-element-d4ac81a .ekit_creative_image_hover::after, .elementor-314 .elementor-element.elementor-element-d4ac81a .ekit_creative_image_hover .ekit_overlay_inner::before, .elementor-314 .elementor-element.elementor-element-d4ac81a .ekit_creative_image_hover .ekit_overlay_inner::after{background-color:var( --e-global-color-primary );}.elementor-314 .elementor-element.elementor-element-d4ac81a .ekit_image_corner_zoom_back::before{border-width:0px 10px 10px 0px;}.elementor-314 .elementor-element.elementor-element-d4ac81a .ekit_image_corner_zoom_back::after{border-width:0px 0px 10px 10px;}.elementor-314 .elementor-element.elementor-element-d4ac81a .ekit_image_corner_zoom_back .ekit_overlay_inner::before{border-width:10px 10px 0px 0px;}.elementor-314 .elementor-element.elementor-element-d4ac81a .ekit_image_corner_zoom_back .ekit_overlay_inner::after{border-width:10px 0px 0px 10px;}.elementor-314 .elementor-element.elementor-element-d4ac81a .ekit_image_border_reveal_horizontal::before, .elementor-314 .elementor-element.elementor-element-d4ac81a .ekit_image_border_reveal_horizontal::after{height:10px;}.elementor-314 .elementor-element.elementor-element-d4ac81a .ekit_image_border_reveal_horizontal .ekit_overlay_inner::before, .elementor-314 .elementor-element.elementor-element-d4ac81a .ekit_image_border_reveal_horizontal .ekit_overlay_inner::after{width:10px;}.elementor-314 .elementor-element.elementor-element-d4ac81a .ekit-wid-con .ekit_image_hover > img{opacity:0.5;}.elementor-314 .elementor-element.elementor-element-d4ac81a .ekit-wid-con .ekit_image_hover:hover > img{opacity:0.8;}.elementor-314 .elementor-element.elementor-element-6877262{text-align:center;padding:5px 5px 5px 5px;background-color:var( --e-global-color-primary );}.elementor-314 .elementor-element.elementor-element-6877262 .elementor-heading-title{color:var( --e-global-color-21bfb04 );}<\/style>\t\t<div data-elementor-type=\"loop-item\" data-elementor-id=\"314\" class=\"elementor elementor-314 e-loop-item e-loop-item-1335 post-1335 americki-buli type-americki-buli status-publish has-post-thumbnail hentry vrsta-psa-bully-de-poche-americain-adulte\" data-elementor-post-type=\"elementor_library\" data-custom-edit-handle=\"1\">\n\t\t\t<div class=\"elementor-element elementor-element-2fbfd58 e-flex e-con-boxed e-con e-parent\" data-id=\"2fbfd58\" data-element_type=\"container\" data-e-type=\"container\" data-settings=\"{&quot;background_background&quot;:&quot;classic&quot;}\">\n\t\t\t\t\t<div class=\"e-con-inner\">\n\t\t\t\t<div class=\"elementor-element elementor-element-d4ac81a elementor-widget elementor-widget-elementskit-image-hover-effect\" data-id=\"d4ac81a\" data-element_type=\"widget\" data-e-type=\"widget\" data-widget_type=\"elementskit-image-hover-effect.default\">\n\t\t\t\t<div class=\"elementor-widget-container\">\n\t\t\t\t\t<div class=\"ekit-wid-con\" >\t\t\t<div class=\"ekit_image_hover\">\n\t\t\t\t<div class=\"ekit_creative_image_hover ekit_image_corner_zoom_back\">\n\t\t\t\t\t<div class=\"ekit_overlay_inner\"><\/div>\n\t\t\t\t\t<a class=\"ekit-wrapper-link\" href=\"https:\/\/royalbullystars.com\/fr\/americki-buli\/hugo\/\"><\/a>\t\t\t\t\t<div class=\"ekit_image_caption ekit_text_none  elementor-animation-shrink\" >\n\t\t\t\t\t\t<h2 class=\"ekit_image_caption_title ekit_hover_show  \" data-settings=\"{&quot;_animation&quot;:&quot;&quot;}\">\n\t\t\t\t\t\t\tHugo\t\t\t\t\t\t<\/h2>\n\t\t\t\t\t\t<p class=\"ekit_image_caption_description   \" data-settings=\"{&quot;_animation&quot;:&quot;&quot;}\">\n\t\t\t\t\t\t\t\t\t\t\t\t\t<\/p>\n\t\t\t\t\t\t\t\t\n\t\t\t\t\t<\/div>\t\t\t\n\t\t\t\t<\/div>\n\t\t\t\t<img decoding=\"async\" src=\"https:\/\/royalbullystars.com\/wp-content\/uploads\/elementor\/thumbs\/1000138098-scaled-rb7nvej273htjtynabr9qs584q9p352v47axsrkwog.jpg\" title=\"1000138098\" alt=\"1000138098\" loading=\"lazy\" \/>\t\t\t<\/div>\n\t\t<\/div>\t\t\t\t<\/div>\n\t\t\t\t<\/div>\n\t\t\t\t<div class=\"elementor-element elementor-element-6877262 elementor-widget elementor-widget-theme-post-title elementor-page-title elementor-widget-heading\" data-id=\"6877262\" data-element_type=\"widget\" data-e-type=\"widget\" data-widget_type=\"theme-post-title.default\">\n\t\t\t\t\t<h5 class=\"elementor-heading-title elementor-size-default\"><a href=\"https:\/\/royalbullystars.com\/fr\/americki-buli\/hugo\/\">Hugo<\/a><\/h5>\t\t\t\t<\/div>\n\t\t\t\t<div class=\"elementor-element elementor-element-343bc41 elementor-widget elementor-widget-text-editor\" data-id=\"343bc41\" data-element_type=\"widget\" data-e-type=\"widget\" data-widget_type=\"text-editor.default\">\n\t\t\t\t\t\t\t\t\t<ul>\n<li>M\u00e2le<\/li>\n<li>Jeune m\u00e2le, 9 mois<\/li>\n<li>Pedigree exceptionnel<\/li>\n<\/ul>\n\t\t\t\t\t\t\t\t<\/div>\n\t\t\t\t\t<\/div>\n\t\t\t\t<\/div>\n\t\t\t\t<\/div>\n\t\t\t\t<div data-elementor-type=\"loop-item\" data-elementor-id=\"314\" class=\"elementor elementor-314 e-loop-item e-loop-item-1368 post-1368 americki-buli type-americki-buli status-publish has-post-thumbnail hentry vrsta-psa-bully-de-poche-americain-adulte\" data-elementor-post-type=\"elementor_library\" data-custom-edit-handle=\"1\">\n\t\t\t<div class=\"elementor-element elementor-element-2fbfd58 e-flex e-con-boxed e-con e-parent\" data-id=\"2fbfd58\" data-element_type=\"container\" data-e-type=\"container\" data-settings=\"{&quot;background_background&quot;:&quot;classic&quot;}\">\n\t\t\t\t\t<div class=\"e-con-inner\">\n\t\t\t\t<div class=\"elementor-element elementor-element-d4ac81a elementor-widget elementor-widget-elementskit-image-hover-effect\" data-id=\"d4ac81a\" data-element_type=\"widget\" data-e-type=\"widget\" data-widget_type=\"elementskit-image-hover-effect.default\">\n\t\t\t\t<div class=\"elementor-widget-container\">\n\t\t\t\t\t<div class=\"ekit-wid-con\" >\t\t\t<div class=\"ekit_image_hover\">\n\t\t\t\t<div class=\"ekit_creative_image_hover ekit_image_corner_zoom_back\">\n\t\t\t\t\t<div class=\"ekit_overlay_inner\"><\/div>\n\t\t\t\t\t<a class=\"ekit-wrapper-link\" href=\"https:\/\/royalbullystars.com\/fr\/americki-buli\/olympus-bull-roxy\/\"><\/a>\t\t\t\t\t<div class=\"ekit_image_caption ekit_text_none  elementor-animation-shrink\" >\n\t\t\t\t\t\t<h2 class=\"ekit_image_caption_title ekit_hover_show  \" data-settings=\"{&quot;_animation&quot;:&quot;&quot;}\">\n\t\t\t\t\t\t\tOLYMPUS BULL ROXY\t\t\t\t\t\t<\/h2>\n\t\t\t\t\t\t<p class=\"ekit_image_caption_description   \" data-settings=\"{&quot;_animation&quot;:&quot;&quot;}\">\n\t\t\t\t\t\t\t\t\t\t\t\t\t<\/p>\n\t\t\t\t\t\t\t\t\n\t\t\t\t\t<\/div>\t\t\t\n\t\t\t\t<\/div>\n\t\t\t\t<img decoding=\"async\" src=\"https:\/\/royalbullystars.com\/wp-content\/uploads\/elementor\/thumbs\/1000131521-scaled-rb7nooyjeob4o1pjgxc5fz3rgpcd4xfuizn5gnj33k.jpg\" title=\"1000131521\" alt=\"1000131521\" loading=\"lazy\" \/>\t\t\t<\/div>\n\t\t<\/div>\t\t\t\t<\/div>\n\t\t\t\t<\/div>\n\t\t\t\t<div class=\"elementor-element elementor-element-6877262 elementor-widget elementor-widget-theme-post-title elementor-page-title elementor-widget-heading\" data-id=\"6877262\" data-element_type=\"widget\" data-e-type=\"widget\" data-widget_type=\"theme-post-title.default\">\n\t\t\t\t\t<h5 class=\"elementor-heading-title elementor-size-default\"><a href=\"https:\/\/royalbullystars.com\/fr\/americki-buli\/olympus-bull-roxy\/\">OLYMPUS BULL ROXY<\/a><\/h5>\t\t\t\t<\/div>\n\t\t\t\t<div class=\"elementor-element elementor-element-343bc41 elementor-widget elementor-widget-text-editor\" data-id=\"343bc41\" data-element_type=\"widget\" data-e-type=\"widget\" data-widget_type=\"text-editor.default\">\n\t\t\t\t\t\t\t\t\t<ul>\n<li>Femelle<\/li>\n<li>P\u00c8RE : BIG DOGS ROMANIA CONOR KAHN.<\/li>\n<li>M\u00c8RE : LA MAGIC ETAPE FREYA<\/li>\n<\/ul>\n\t\t\t\t\t\t\t\t<\/div>\n\t\t\t\t\t<\/div>\n\t\t\t\t<\/div>\n\t\t\t\t<\/div>\n\t\t\t\t<div data-elementor-type=\"loop-item\" data-elementor-id=\"314\" class=\"elementor elementor-314 e-loop-item e-loop-item-1271 post-1271 americki-buli type-americki-buli status-publish has-post-thumbnail hentry vrsta-psa-bully-de-poche-americain-adulte\" data-elementor-post-type=\"elementor_library\" data-custom-edit-handle=\"1\">\n\t\t\t<div class=\"elementor-element elementor-element-2fbfd58 e-flex e-con-boxed e-con e-parent\" data-id=\"2fbfd58\" data-element_type=\"container\" data-e-type=\"container\" data-settings=\"{&quot;background_background&quot;:&quot;classic&quot;}\">\n\t\t\t\t\t<div class=\"e-con-inner\">\n\t\t\t\t<div class=\"elementor-element elementor-element-d4ac81a elementor-widget elementor-widget-elementskit-image-hover-effect\" data-id=\"d4ac81a\" data-element_type=\"widget\" data-e-type=\"widget\" data-widget_type=\"elementskit-image-hover-effect.default\">\n\t\t\t\t<div class=\"elementor-widget-container\">\n\t\t\t\t\t<div class=\"ekit-wid-con\" >\t\t\t<div class=\"ekit_image_hover\">\n\t\t\t\t<div class=\"ekit_creative_image_hover ekit_image_corner_zoom_back\">\n\t\t\t\t\t<div class=\"ekit_overlay_inner\"><\/div>\n\t\t\t\t\t<a class=\"ekit-wrapper-link\" href=\"https:\/\/royalbullystars.com\/fr\/americki-buli\/bigdogsromania-conor-cahn\/\"><\/a>\t\t\t\t\t<div class=\"ekit_image_caption ekit_text_none  elementor-animation-shrink\" >\n\t\t\t\t\t\t<h2 class=\"ekit_image_caption_title ekit_hover_show  \" data-settings=\"{&quot;_animation&quot;:&quot;&quot;}\">\n\t\t\t\t\t\t\tBigdogsromania Conor Cahn\t\t\t\t\t\t<\/h2>\n\t\t\t\t\t\t<p class=\"ekit_image_caption_description   \" data-settings=\"{&quot;_animation&quot;:&quot;&quot;}\">\n\t\t\t\t\t\t\t\t\t\t\t\t\t<\/p>\n\t\t\t\t\t\t\t\t\n\t\t\t\t\t<\/div>\t\t\t\n\t\t\t\t<\/div>\n\t\t\t\t<img decoding=\"async\" src=\"https:\/\/royalbullystars.com\/wp-content\/uploads\/elementor\/thumbs\/1000134293-rb5hebnnfu6977jqro4q86idz4q7kepidctl6ucrqo.jpg\" title=\"1000134293\" alt=\"1000134293\" loading=\"lazy\" \/>\t\t\t<\/div>\n\t\t<\/div>\t\t\t\t<\/div>\n\t\t\t\t<\/div>\n\t\t\t\t<div class=\"elementor-element elementor-element-6877262 elementor-widget elementor-widget-theme-post-title elementor-page-title elementor-widget-heading\" data-id=\"6877262\" data-element_type=\"widget\" data-e-type=\"widget\" data-widget_type=\"theme-post-title.default\">\n\t\t\t\t\t<h5 class=\"elementor-heading-title elementor-size-default\"><a href=\"https:\/\/royalbullystars.com\/fr\/americki-buli\/bigdogsromania-conor-cahn\/\">Bigdogsromania Conor Cahn<\/a><\/h5>\t\t\t\t<\/div>\n\t\t\t\t<div class=\"elementor-element elementor-element-343bc41 elementor-widget elementor-widget-text-editor\" data-id=\"343bc41\" data-element_type=\"widget\" data-e-type=\"widget\" data-widget_type=\"text-editor.default\">\n\t\t\t\t\t\t\t\t\t<ul>\n<li>M\u00e2le<\/li>\n<li>P\u00e8re : Big Dogs Romania Mr. COI.<\/li>\n<li>M\u00e8re : Big Dogs Romania Izoleta.<\/li>\n<\/ul>\n\t\t\t\t\t\t\t\t<\/div>\n\t\t\t\t\t<\/div>\n\t\t\t\t<\/div>\n\t\t\t\t<\/div>\n\t\t\t\t<div data-elementor-type=\"loop-item\" data-elementor-id=\"314\" class=\"elementor elementor-314 e-loop-item e-loop-item-1283 post-1283 americki-buli type-americki-buli status-publish has-post-thumbnail hentry vrsta-psa-bully-de-poche-americain-adulte\" data-elementor-post-type=\"elementor_library\" data-custom-edit-handle=\"1\">\n\t\t\t<div class=\"elementor-element elementor-element-2fbfd58 e-flex e-con-boxed e-con e-parent\" data-id=\"2fbfd58\" data-element_type=\"container\" data-e-type=\"container\" data-settings=\"{&quot;background_background&quot;:&quot;classic&quot;}\">\n\t\t\t\t\t<div class=\"e-con-inner\">\n\t\t\t\t<div class=\"elementor-element elementor-element-d4ac81a elementor-widget elementor-widget-elementskit-image-hover-effect\" data-id=\"d4ac81a\" data-element_type=\"widget\" data-e-type=\"widget\" data-widget_type=\"elementskit-image-hover-effect.default\">\n\t\t\t\t<div class=\"elementor-widget-container\">\n\t\t\t\t\t<div class=\"ekit-wid-con\" >\t\t\t<div class=\"ekit_image_hover\">\n\t\t\t\t<div class=\"ekit_creative_image_hover ekit_image_corner_zoom_back\">\n\t\t\t\t\t<div class=\"ekit_overlay_inner\"><\/div>\n\t\t\t\t\t<a class=\"ekit-wrapper-link\" href=\"https:\/\/royalbullystars.com\/fr\/americki-buli\/la-scene-magique-zilla\/\"><\/a>\t\t\t\t\t<div class=\"ekit_image_caption ekit_text_none  elementor-animation-shrink\" >\n\t\t\t\t\t\t<h2 class=\"ekit_image_caption_title ekit_hover_show  \" data-settings=\"{&quot;_animation&quot;:&quot;&quot;}\">\n\t\t\t\t\t\t\tLa sc\u00e8ne magique Zilla\t\t\t\t\t\t<\/h2>\n\t\t\t\t\t\t<p class=\"ekit_image_caption_description   \" data-settings=\"{&quot;_animation&quot;:&quot;&quot;}\">\n\t\t\t\t\t\t\t\t\t\t\t\t\t<\/p>\n\t\t\t\t\t\t\t\t\n\t\t\t\t\t<\/div>\t\t\t\n\t\t\t\t<\/div>\n\t\t\t\t<img decoding=\"async\" src=\"https:\/\/royalbullystars.com\/wp-content\/uploads\/elementor\/thumbs\/1000138287-scaled-rb5hb17zipo4kcbrz8xqi0eb4kxymjnbx2mepz8dio.jpg\" title=\"1000138287\" alt=\"1000138287\" loading=\"lazy\" \/>\t\t\t<\/div>\n\t\t<\/div>\t\t\t\t<\/div>\n\t\t\t\t<\/div>\n\t\t\t\t<div class=\"elementor-element elementor-element-6877262 elementor-widget elementor-widget-theme-post-title elementor-page-title elementor-widget-heading\" data-id=\"6877262\" data-element_type=\"widget\" data-e-type=\"widget\" data-widget_type=\"theme-post-title.default\">\n\t\t\t\t\t<h5 class=\"elementor-heading-title elementor-size-default\"><a href=\"https:\/\/royalbullystars.com\/fr\/americki-buli\/la-scene-magique-zilla\/\">La sc\u00e8ne magique Zilla<\/a><\/h5>\t\t\t\t<\/div>\n\t\t\t\t<div class=\"elementor-element elementor-element-343bc41 elementor-widget elementor-widget-text-editor\" data-id=\"343bc41\" data-element_type=\"widget\" data-e-type=\"widget\" data-widget_type=\"text-editor.default\">\n\t\t\t\t\t\t\t\t\t<ul>\n<li>Femelle<\/li>\n<li>P\u00e8re : MSB PACITO<\/li>\n<li>M\u00e8re : WF Bully Time Luna<\/li>\n<\/ul>\n\t\t\t\t\t\t\t\t<\/div>\n\t\t\t\t\t<\/div>\n\t\t\t\t<\/div>\n\t\t\t\t<\/div>\n\t\t\t\t<\/div>\n\t\t\n\t\t\t\t\t\t<\/div>\n\t\t\t\t<\/div>\n\t\t\t\t<div class=\"elementor-element elementor-element-b7df158 elementor-widget elementor-widget-heading\" data-id=\"b7df158\" data-element_type=\"widget\" data-e-type=\"widget\" data-widget_type=\"heading.default\">\n\t\t\t\t\t<h2 class=\"elementor-heading-title elementor-size-default\">Nos chiens Pocket Bully<\/h2>\t\t\t\t<\/div>\n\t\t\t\t<div class=\"elementor-element elementor-element-9a07e42 elementor-widget elementor-widget-text-editor\" data-id=\"9a07e42\" data-element_type=\"widget\" data-e-type=\"widget\" data-widget_type=\"text-editor.default\">\n\t\t\t\t\t\t\t\t\t<p>Nos chiens Pocket Bully proviennent des \u00e9levages et des lign\u00e9es les plus r\u00e9put\u00e9s au monde. Depuis des ann\u00e9es, nous investissons efforts, temps et amour pour rassembler ce groupe de chiens exceptionnels. Leurs pedigrees recensent des champions et des grands champions de la race ABKC, et nombre de nos chiens sont eux-m\u00eames d\u00e9tenteurs de titres d&rsquo;exposition. Derri\u00e8re chaque nom se cache une g\u00e9n\u00e9tique de premier ordre, pr\u00e9cis\u00e9ment celle que nous souhaitons transmettre aux futures g\u00e9n\u00e9rations de chiots.   <\/p><h4>La sant\u00e9 des taureaux de poche am\u00e9ricains<\/h4><p>La sant\u00e9 de nos chiens est notre priorit\u00e9. Tous nos chiens sont examin\u00e9s par un v\u00e9t\u00e9rinaire, test\u00e9s pour les maladies g\u00e9n\u00e9tiques sp\u00e9cifiques \u00e0 la race et \u00e9lev\u00e9s avec le plus grand soin. Une activit\u00e9 physique r\u00e9guli\u00e8re, une alimentation de qualit\u00e9 et des mesures pr\u00e9ventives garantissent \u00e0 nos Bullys une forme optimale. Nous accordons \u00e9galement une grande importance \u00e0 la socialisation&nbsp;: malgr\u00e9 leur apparence un peu rude, ces chiens sont de v\u00e9ritables compagnons. Ils ont \u00e9t\u00e9 \u00e9lev\u00e9s en famille, habitu\u00e9s aux enfants et aux autres chiens. Leur temp\u00e9rament est \u00e9quilibr\u00e9 \u2013 l&rsquo;American Bully est reconnu comme un chien de famille, et nos chiens le prouvent chaque jour par leur affection et leur ob\u00e9issance.     <\/p><p>Nos chiens ne sont pas de simples reproducteurs&nbsp;: ils sont avant tout nos animaux de compagnie et les membres de notre famille. Chacun de ces chiens intimidateurs vit avec nous, partage notre quotidien et nous offre un amour inconditionnel, et nous leur donnons cet amour inconditionnel. Nous sommes convaincus qu&rsquo;un chien aim\u00e9 et bien soign\u00e9 est largement r\u00e9compens\u00e9&nbsp;; nous le constatons \u00e0 travers sa joie, son ob\u00e9issance et sa r\u00e9ussite.  <\/p><p>Nous sommes fiers de chaque instant pass\u00e9 avec eux, qu&rsquo;il s&rsquo;agisse d&rsquo;un tour de piste lors d&rsquo;un concours ou d&rsquo;une partie de jeu d\u00e9contract\u00e9e dans la cour. Nos chiens t\u00e9moignent de nombreuses ann\u00e9es de travail pour am\u00e9liorer la race American Bully, et chacun d&rsquo;eux est unique \u00e0 sa mani\u00e8re. Nous vous invitons \u00e0 d\u00e9couvrir notre petit monde de bullys sur cette page et \u00e0 constater par vous-m\u00eame pourquoi les Royal Bully Stars sont de v\u00e9ritables stars royales parmi la population des Pocket Bullys.  <\/p>\t\t\t\t\t\t\t\t<\/div>\n\t\t\t\t<div class=\"elementor-element elementor-element-d517384 elementor-widget elementor-widget-text-editor\" data-id=\"d517384\" data-element_type=\"widget\" data-e-type=\"widget\" data-widget_type=\"text-editor.default\">\n\t\t\t\t\t\t\t\t\t<h3>Prix \u200b\u200bde l&rsquo;American Pocket Bully<\/h3><p>Le prix <strong>d&rsquo;un American Pocket Bully<\/strong> d\u00e9pend de plusieurs facteurs&nbsp;: l&rsquo;origine, le pedigree, la lign\u00e9e et la qualit\u00e9 des parents. Les chiens issus de lign\u00e9es de champions et dont l&rsquo;origine g\u00e9n\u00e9tique est confirm\u00e9e sont plus pris\u00e9s, car ils garantissent sant\u00e9, stabilit\u00e9 et apparence. \u00c0 notre \u00e9levage <em>Royal Bully Stars,<\/em> chaque chien est accompagn\u00e9 de documents complets, de son pedigree et de ses certificats v\u00e9t\u00e9rinaires, garantissant ainsi s\u00e9curit\u00e9 et qualit\u00e9.  <\/p><p>Pour en savoir plus sur <strong>le prix des chiots Pocket Bully<\/strong> , ainsi que sur les conditions de r\u00e9servation et d&rsquo;achat, contactez-nous directement via <a href=\"https:\/\/royalbullystars.com\/kontakt\/\">la page contact<\/a> ou par t\u00e9l\u00e9phone. Nous serons ravis de vous fournir toutes les informations n\u00e9cessaires et de vous aider \u00e0 trouver l&rsquo;animal id\u00e9al. <\/p>\t\t\t\t\t\t\t\t<\/div>\n\t\t\t\t\t<\/div>\n\t\t\t\t<\/div>\n\t\t\t\t<\/div>\n\t\t","protected":false},"excerpt":{"rendered":"<p>Royal Bully Stars Kennel Ces chiens sont la pierre angulaire de notre \u00e9levage et la meilleure preuve de la qualit\u00e9 dont nous sommes fiers. Chaque chien que vous voyez sur cette page a \u00e9t\u00e9 soigneusement s\u00e9lectionn\u00e9 pour ses qualit\u00e9s exceptionnelles&nbsp;: de son apparence impressionnante \u00e0 son pedigree exceptionnel, en passant par son caract\u00e8re exceptionnel. Nos [&hellip;]<\/p>\n","protected":false},"author":1,"featured_media":0,"parent":0,"menu_order":0,"comment_status":"closed","ping_status":"closed","template":"","meta":{"footnotes":""},"class_list":["post-1306","page","type-page","status-publish","hentry"],"_links":{"self":[{"href":"https:\/\/royalbullystars.com\/fr\/wp-json\/wp\/v2\/pages\/1306","targetHints":{"allow":["GET"]}}],"collection":[{"href":"https:\/\/royalbullystars.com\/fr\/wp-json\/wp\/v2\/pages"}],"about":[{"href":"https:\/\/royalbullystars.com\/fr\/wp-json\/wp\/v2\/types\/page"}],"author":[{"embeddable":true,"href":"https:\/\/royalbullystars.com\/fr\/wp-json\/wp\/v2\/users\/1"}],"replies":[{"embeddable":true,"href":"https:\/\/royalbullystars.com\/fr\/wp-json\/wp\/v2\/comments?post=1306"}],"version-history":[{"count":0,"href":"https:\/\/royalbullystars.com\/fr\/wp-json\/wp\/v2\/pages\/1306\/revisions"}],"wp:attachment":[{"href":"https:\/\/royalbullystars.com\/fr\/wp-json\/wp\/v2\/media?parent=1306"}],"curies":[{"name":"wp","href":"https:\/\/api.w.org\/{rel}","templated":true}]}}