{"id":1233,"date":"2025-09-02T04:59:34","date_gmt":"2025-09-02T04:59:34","guid":{"rendered":"https:\/\/royalbullystars.com\/chiots-american-bully-a-vendre\/"},"modified":"2025-09-04T05:50:17","modified_gmt":"2025-09-04T05:50:17","slug":"chiots-american-bully-a-vendre","status":"publish","type":"page","link":"https:\/\/royalbullystars.com\/fr\/chiots-american-bully-a-vendre\/","title":{"rendered":"Chiots American Bully \u00e0 vendre"},"content":{"rendered":"\t\t<div data-elementor-type=\"wp-page\" data-elementor-id=\"1233\" class=\"elementor elementor-1233 elementor-108\" data-elementor-post-type=\"page\">\n\t\t\t\t<div class=\"elementor-element elementor-element-d66fc0c e-flex e-con-boxed e-con e-parent\" data-id=\"d66fc0c\" data-element_type=\"container\" data-e-type=\"container\" data-settings=\"{&quot;background_background&quot;:&quot;classic&quot;}\">\n\t\t\t\t\t<div class=\"e-con-inner\">\n\t\t\t\t<div class=\"elementor-element elementor-element-57b44ea elementor-mobile-align-center elementor-widget elementor-widget-breadcrumbs\" data-id=\"57b44ea\" data-element_type=\"widget\" data-e-type=\"widget\" data-widget_type=\"breadcrumbs.default\">\n\t\t\t\t<div class=\"elementor-widget-container\">\n\t\t\t\t\t<span><span class=\"last\">Royal Bully Stars Kennel<\/span><\/span>\t\t\t\t<\/div>\n\t\t\t\t<\/div>\n\t\t\t\t<div class=\"elementor-element elementor-element-5bd863b elementor-widget elementor-widget-text-editor\" data-id=\"5bd863b\" data-element_type=\"widget\" data-e-type=\"widget\" data-widget_type=\"text-editor.default\">\n\t\t\t\t\t\t\t\t\t<p>Chiots Pocket Bully \u00e0 vendre&nbsp;: une qualit\u00e9 sup\u00e9rieure pour les amoureux de la race&nbsp;! Chaque chiot de l&rsquo;\u00e9levage Royal Bully Stars est le fruit d&rsquo;une planification minutieuse et de l&rsquo;amour de la race. Nous combinons les meilleures lign\u00e9es pour obtenir des chiens sains, r\u00e9guliers et, surtout, merveilleux pour la famille.  <\/p>\t\t\t\t\t\t\t\t<\/div>\n\t\t\t\t\t<\/div>\n\t\t\t\t<\/div>\n\t\t<div class=\"elementor-element elementor-element-2315d26 e-flex e-con-boxed e-con e-parent\" data-id=\"2315d26\" data-element_type=\"container\" data-e-type=\"container\">\n\t\t\t\t\t<div class=\"e-con-inner\">\n\t\t\t\t<div class=\"elementor-element elementor-element-34c7c57 elementor-grid-2 elementor-grid-tablet-2 elementor-grid-mobile-1 elementor-widget elementor-widget-loop-grid\" data-id=\"34c7c57\" data-element_type=\"widget\" data-e-type=\"widget\" data-settings=\"{&quot;template_id&quot;:314,&quot;columns&quot;:2,&quot;_skin&quot;:&quot;post&quot;,&quot;columns_tablet&quot;:&quot;2&quot;,&quot;columns_mobile&quot;:&quot;1&quot;,&quot;edit_handle_selector&quot;:&quot;[data-elementor-type=\\&quot;loop-item\\&quot;]&quot;,&quot;row_gap&quot;:{&quot;unit&quot;:&quot;px&quot;,&quot;size&quot;:&quot;&quot;,&quot;sizes&quot;:[]},&quot;row_gap_tablet&quot;:{&quot;unit&quot;:&quot;px&quot;,&quot;size&quot;:&quot;&quot;,&quot;sizes&quot;:[]},&quot;row_gap_mobile&quot;:{&quot;unit&quot;:&quot;px&quot;,&quot;size&quot;:&quot;&quot;,&quot;sizes&quot;:[]}}\" data-widget_type=\"loop-grid.post\">\n\t\t\t\t<div class=\"elementor-widget-container\">\n\t\t\t\t\t\t\t<div class=\"elementor-loop-container elementor-grid\" role=\"list\">\n\t\t<style id=\"loop-314\">.elementor-314 .elementor-element.elementor-element-2fbfd58{--display:flex;border-style:solid;--border-style:solid;border-width:1px 1px 1px 1px;--border-top-width:1px;--border-right-width:1px;--border-bottom-width:1px;--border-left-width:1px;border-color:var( --e-global-color-57a29b1 );--border-color:var( --e-global-color-57a29b1 );--padding-top:10px;--padding-bottom:10px;--padding-left:10px;--padding-right:10px;}.elementor-314 .elementor-element.elementor-element-2fbfd58:not(.elementor-motion-effects-element-type-background), .elementor-314 .elementor-element.elementor-element-2fbfd58 > .elementor-motion-effects-container > .elementor-motion-effects-layer{background-color:var( --e-global-color-304d273 );}.elementor-314 .elementor-element.elementor-element-d4ac81a .ekit_image_caption_title, .elementor-314 .elementor-element.elementor-element-d4ac81a .ekit_image_caption_title_show{font-family:\"Roboto\", Sans-serif;font-size:1.2em;font-weight:600;}.elementor-314 .elementor-element.elementor-element-d4ac81a .ekit_image_caption_title span, .elementor-314 .elementor-element.elementor-element-d4ac81a .ekit_image_caption_title_show span{font-family:\"Roboto\", Sans-serif;}.elementor-314 .elementor-element.elementor-element-d4ac81a .ekit_image_caption_title{margin:0px 0px 0px 0px;}.elementor-314 .elementor-element.elementor-element-d4ac81a .ekit_image_caption_description, .elementor-314 .elementor-element.elementor-element-d4ac81a .ekit_image_caption_description_show{font-family:\"Roboto\", Sans-serif;}.elementor-314 .elementor-element.elementor-element-d4ac81a .ekit_image_caption_description{margin:10px 0px 8px 0px;}.elementor-314 .elementor-element.elementor-element-d4ac81a .ekit_image_corner_zoom_back::before, .elementor-314 .elementor-element.elementor-element-d4ac81a .ekit_image_corner_zoom_back::after, .elementor-314 .elementor-element.elementor-element-d4ac81a .ekit_image_corner_zoom_back .ekit_overlay_inner::before, .elementor-314 .elementor-element.elementor-element-d4ac81a .ekit_image_corner_zoom_back .ekit_overlay_inner::after{border-color:var( --e-global-color-primary );}.elementor-314 .elementor-element.elementor-element-d4ac81a .ekit_image_blend_mode::after{border-color:var( --e-global-color-primary );border-width:10px;}.elementor-314 .elementor-element.elementor-element-d4ac81a .ekit_creative_image_hover::before, .elementor-314 .elementor-element.elementor-element-d4ac81a .ekit_creative_image_hover::after, .elementor-314 .elementor-element.elementor-element-d4ac81a .ekit_creative_image_hover .ekit_overlay_inner::before, .elementor-314 .elementor-element.elementor-element-d4ac81a .ekit_creative_image_hover .ekit_overlay_inner::after{background-color:var( --e-global-color-primary );}.elementor-314 .elementor-element.elementor-element-d4ac81a .ekit_image_corner_zoom_back::before{border-width:0px 10px 10px 0px;}.elementor-314 .elementor-element.elementor-element-d4ac81a .ekit_image_corner_zoom_back::after{border-width:0px 0px 10px 10px;}.elementor-314 .elementor-element.elementor-element-d4ac81a .ekit_image_corner_zoom_back .ekit_overlay_inner::before{border-width:10px 10px 0px 0px;}.elementor-314 .elementor-element.elementor-element-d4ac81a .ekit_image_corner_zoom_back .ekit_overlay_inner::after{border-width:10px 0px 0px 10px;}.elementor-314 .elementor-element.elementor-element-d4ac81a .ekit_image_border_reveal_horizontal::before, .elementor-314 .elementor-element.elementor-element-d4ac81a .ekit_image_border_reveal_horizontal::after{height:10px;}.elementor-314 .elementor-element.elementor-element-d4ac81a .ekit_image_border_reveal_horizontal .ekit_overlay_inner::before, .elementor-314 .elementor-element.elementor-element-d4ac81a .ekit_image_border_reveal_horizontal .ekit_overlay_inner::after{width:10px;}.elementor-314 .elementor-element.elementor-element-d4ac81a .ekit-wid-con .ekit_image_hover > img{opacity:0.5;}.elementor-314 .elementor-element.elementor-element-d4ac81a .ekit-wid-con .ekit_image_hover:hover > img{opacity:0.8;}.elementor-314 .elementor-element.elementor-element-6877262{text-align:center;padding:5px 5px 5px 5px;background-color:var( --e-global-color-primary );}.elementor-314 .elementor-element.elementor-element-6877262 .elementor-heading-title{color:var( --e-global-color-21bfb04 );}<\/style>\t\t<div data-elementor-type=\"loop-item\" data-elementor-id=\"314\" class=\"elementor elementor-314 e-loop-item e-loop-item-1224 post-1224 americki-buli type-americki-buli status-publish has-post-thumbnail hentry vrsta-psa-chiots-american-bully\" data-elementor-post-type=\"elementor_library\" data-custom-edit-handle=\"1\">\n\t\t\t<div class=\"elementor-element elementor-element-2fbfd58 e-flex e-con-boxed e-con e-parent\" data-id=\"2fbfd58\" data-element_type=\"container\" data-e-type=\"container\" data-settings=\"{&quot;background_background&quot;:&quot;classic&quot;}\">\n\t\t\t\t\t<div class=\"e-con-inner\">\n\t\t\t\t<div class=\"elementor-element elementor-element-d4ac81a elementor-widget elementor-widget-elementskit-image-hover-effect\" data-id=\"d4ac81a\" data-element_type=\"widget\" data-e-type=\"widget\" data-widget_type=\"elementskit-image-hover-effect.default\">\n\t\t\t\t<div class=\"elementor-widget-container\">\n\t\t\t\t\t<div class=\"ekit-wid-con\" >\t\t\t<div class=\"ekit_image_hover\">\n\t\t\t\t<div class=\"ekit_creative_image_hover ekit_image_corner_zoom_back\">\n\t\t\t\t\t<div class=\"ekit_overlay_inner\"><\/div>\n\t\t\t\t\t<a class=\"ekit-wrapper-link\" href=\"https:\/\/royalbullystars.com\/fr\/americki-buli\/chiots-american-bully-nes-le-17-07-2025\/\"><\/a>\t\t\t\t\t<div class=\"ekit_image_caption ekit_text_none  elementor-animation-shrink\" >\n\t\t\t\t\t\t<h2 class=\"ekit_image_caption_title ekit_hover_show  \" data-settings=\"{&quot;_animation&quot;:&quot;&quot;}\">\n\t\t\t\t\t\t\tChiots American Bully n\u00e9s le 19.09.2025.\t\t\t\t\t\t<\/h2>\n\t\t\t\t\t\t<p class=\"ekit_image_caption_description   \" data-settings=\"{&quot;_animation&quot;:&quot;&quot;}\">\n\t\t\t\t\t\t\t\t\t\t\t\t\t<\/p>\n\t\t\t\t\t\t\t\t\n\t\t\t\t\t<\/div>\t\t\t\n\t\t\t\t<\/div>\n\t\t\t\t<img decoding=\"async\" src=\"https:\/\/royalbullystars.com\/wp-content\/uploads\/elementor\/thumbs\/7676-rhp9g2jk0u4crofx2dhdr7wm1sc8xyf7b6hrmd1mk0.jpeg\" title=\"7676\" alt=\"Female\" loading=\"lazy\" \/>\t\t\t<\/div>\n\t\t<\/div>\t\t\t\t<\/div>\n\t\t\t\t<\/div>\n\t\t\t\t<div class=\"elementor-element elementor-element-6877262 elementor-widget elementor-widget-theme-post-title elementor-page-title elementor-widget-heading\" data-id=\"6877262\" data-element_type=\"widget\" data-e-type=\"widget\" data-widget_type=\"theme-post-title.default\">\n\t\t\t\t\t<h5 class=\"elementor-heading-title elementor-size-default\"><a href=\"https:\/\/royalbullystars.com\/fr\/americki-buli\/chiots-american-bully-nes-le-17-07-2025\/\">Chiots American Bully n\u00e9s le 19.09.2025.<\/a><\/h5>\t\t\t\t<\/div>\n\t\t\t\t<div class=\"elementor-element elementor-element-343bc41 elementor-widget elementor-widget-text-editor\" data-id=\"343bc41\" data-element_type=\"widget\" data-e-type=\"widget\" data-widget_type=\"text-editor.default\">\n\t\t\t\t\t\t\t\t\t<ul>\n<li>N\u00e9(e) le 19\/09\/2025.<\/li>\n<li>P\u00e8re\u00a0: Ragnar<\/li>\n<li>M\u00e8re\u00a0: Roxy<\/li>\n<li>Vaccins \u00e0 jour<\/li>\n<\/ul>\n\t\t\t\t\t\t\t\t<\/div>\n\t\t\t\t\t<\/div>\n\t\t\t\t<\/div>\n\t\t\t\t<\/div>\n\t\t\t\t<div data-elementor-type=\"loop-item\" data-elementor-id=\"314\" class=\"elementor elementor-314 e-loop-item e-loop-item-1253 post-1253 americki-buli type-americki-buli status-publish has-post-thumbnail hentry vrsta-psa-chiots-american-bully\" data-elementor-post-type=\"elementor_library\" data-custom-edit-handle=\"1\">\n\t\t\t<div class=\"elementor-element elementor-element-2fbfd58 e-flex e-con-boxed e-con e-parent\" data-id=\"2fbfd58\" data-element_type=\"container\" data-e-type=\"container\" data-settings=\"{&quot;background_background&quot;:&quot;classic&quot;}\">\n\t\t\t\t\t<div class=\"e-con-inner\">\n\t\t\t\t<div class=\"elementor-element elementor-element-d4ac81a elementor-widget elementor-widget-elementskit-image-hover-effect\" data-id=\"d4ac81a\" data-element_type=\"widget\" data-e-type=\"widget\" data-widget_type=\"elementskit-image-hover-effect.default\">\n\t\t\t\t<div class=\"elementor-widget-container\">\n\t\t\t\t\t<div class=\"ekit-wid-con\" >\t\t\t<div class=\"ekit_image_hover\">\n\t\t\t\t<div class=\"ekit_creative_image_hover ekit_image_corner_zoom_back\">\n\t\t\t\t\t<div class=\"ekit_overlay_inner\"><\/div>\n\t\t\t\t\t<a class=\"ekit-wrapper-link\" href=\"https:\/\/royalbullystars.com\/fr\/americki-buli\/chiots-american-bully-nes-le-07-07-2025\/\"><\/a>\t\t\t\t\t<div class=\"ekit_image_caption ekit_text_none  elementor-animation-shrink\" >\n\t\t\t\t\t\t<h2 class=\"ekit_image_caption_title ekit_hover_show  \" data-settings=\"{&quot;_animation&quot;:&quot;&quot;}\">\n\t\t\t\t\t\t\tChiots American Bully n\u00e9s le 19.09.2025.\t\t\t\t\t\t<\/h2>\n\t\t\t\t\t\t<p class=\"ekit_image_caption_description   \" data-settings=\"{&quot;_animation&quot;:&quot;&quot;}\">\n\t\t\t\t\t\t\t\t\t\t\t\t\t<\/p>\n\t\t\t\t\t\t\t\t\n\t\t\t\t\t<\/div>\t\t\t\n\t\t\t\t<\/div>\n\t\t\t\t<img decoding=\"async\" src=\"https:\/\/royalbullystars.com\/wp-content\/uploads\/elementor\/thumbs\/edo1-rmhpejqkpw9dv7v404tp3oobflxs458w6jjkwdf0j4.jpg\" title=\"edo1\" alt=\"edo1\" loading=\"lazy\" \/>\t\t\t<\/div>\n\t\t<\/div>\t\t\t\t<\/div>\n\t\t\t\t<\/div>\n\t\t\t\t<div class=\"elementor-element elementor-element-6877262 elementor-widget elementor-widget-theme-post-title elementor-page-title elementor-widget-heading\" data-id=\"6877262\" data-element_type=\"widget\" data-e-type=\"widget\" data-widget_type=\"theme-post-title.default\">\n\t\t\t\t\t<h5 class=\"elementor-heading-title elementor-size-default\"><a href=\"https:\/\/royalbullystars.com\/fr\/americki-buli\/chiots-american-bully-nes-le-07-07-2025\/\">Chiots American Bully n\u00e9s le 19.09.2025.<\/a><\/h5>\t\t\t\t<\/div>\n\t\t\t\t<div class=\"elementor-element elementor-element-343bc41 elementor-widget elementor-widget-text-editor\" data-id=\"343bc41\" data-element_type=\"widget\" data-e-type=\"widget\" data-widget_type=\"text-editor.default\">\n\t\t\t\t\t\t\t\t\t<ul>\n<li>N\u00e9 le 19\/09\/2025.<\/li>\n<li>P\u00e8re\u00a0: Ragnar<\/li>\n<li>M\u00e8re\u00a0: Roxy<\/li>\n<li>M\u00e2le disponible en trois couleurs<\/li>\n<li>Vaccins \u00e0 jour<\/li>\n<\/ul>\n\t\t\t\t\t\t\t\t<\/div>\n\t\t\t\t\t<\/div>\n\t\t\t\t<\/div>\n\t\t\t\t<\/div>\n\t\t\t\t<\/div>\n\t\t\n\t\t\t\t\t\t<\/div>\n\t\t\t\t<\/div>\n\t\t\t\t\t<\/div>\n\t\t\t\t<\/div>\n\t\t<div class=\"elementor-element elementor-element-1c4bcbf e-flex e-con-boxed e-con e-parent\" data-id=\"1c4bcbf\" data-element_type=\"container\" data-e-type=\"container\">\n\t\t\t\t\t<div class=\"e-con-inner\">\n\t\t\t\t<div class=\"elementor-element elementor-element-a21ff65 elementor-widget elementor-widget-text-editor\" data-id=\"a21ff65\" data-element_type=\"widget\" data-e-type=\"widget\" data-widget_type=\"text-editor.default\">\n\t\t\t\t\t\t\t\t\t<p>S&rsquo;il n&rsquo;y a actuellement aucun chiot disponible, veuillez nous contacter&nbsp;; nous planifions r\u00e9guli\u00e8rement de nouvelles port\u00e9es et il est possible de r\u00e9server un chiot \u00e0 l&rsquo;avance. Nos port\u00e9es de Pocket Bully sont limit\u00e9es et soigneusement planifi\u00e9es, car nous visons la qualit\u00e9 plut\u00f4t que la quantit\u00e9. <\/p><p>Ce que vous pouvez attendre de nos chiots&nbsp;: Chacun de nos chiots grandit en famille, avec des soins constants et une socialisation optimale. D\u00e8s leur plus jeune \u00e2ge, nous les habituons au contact humain, au jeu et aux bruits de la maison, afin qu&rsquo;ils soient confiants et joueurs lorsqu&rsquo;ils rejoignent votre famille. Les parents des chiots sont des American Bully soigneusement s\u00e9lectionn\u00e9s, dot\u00e9s d&rsquo;excellents pedigrees et d&rsquo;un caract\u00e8re sain, gage de la qualit\u00e9 de leur prog\u00e9niture.  <\/p>\t\t\t\t\t\t\t\t<\/div>\n\t\t\t\t<div class=\"elementor-element elementor-element-57edb92 elementor-widget elementor-widget-text-editor\" data-id=\"57edb92\" data-element_type=\"widget\" data-e-type=\"widget\" data-widget_type=\"text-editor.default\">\n\t\t\t\t\t\t\t\t\t<h4>Sant\u00e9 et documentation des intimidateurs<\/h4><p>Nous accordons une grande importance \u00e0 la sant\u00e9 de nos chiots. Tous les chiots sont examin\u00e9s par un v\u00e9t\u00e9rinaire avant d&rsquo;\u00eatre admis dans leur nouveau foyer. L&rsquo;acheteur re\u00e7oit une documentation compl\u00e8te et chaque chiot est accompagn\u00e9 des \u00e9l\u00e9ments suivants&nbsp;:  <\/p><ul><li><strong>Vaccination et vermifugation<\/strong> : Les chiots seront vaccin\u00e9s en fonction de leur \u00e2ge et vermifug\u00e9s \u00e0 plusieurs reprises \u00e0 titre pr\u00e9ventif, conform\u00e9ment aux recommandations v\u00e9t\u00e9rinaires.<\/li><li><strong>Avec une puce \u00e9lectronique et un passeport<\/strong> : Chaque chiot sera marqu\u00e9 d&rsquo;une puce \u00e9lectronique (enregistr\u00e9e dans la base de donn\u00e9es) et disposera d&rsquo;un passeport v\u00e9t\u00e9rinaire europ\u00e9en d\u00e9livr\u00e9, ce qui facilite le suivi des vaccinations et permet de voyager \u00e0 l&rsquo;\u00e9tranger.<\/li><li><strong>Pedigree<\/strong> : Chaque chiot b\u00e9n\u00e9ficie d&rsquo;un pedigree ABKC, qui confirme son origine sur plusieurs g\u00e9n\u00e9rations. Nous sommes fiers des lign\u00e9es de champions inscrites dans ces pedigrees&nbsp;; c&rsquo;est un gage de qualit\u00e9 g\u00e9n\u00e9tique. <\/li><li><strong>Certificat de sant\u00e9<\/strong> : Sur demande, nous fournissons un certificat v\u00e9t\u00e9rinaire attestant de l&rsquo;\u00e9tat de sant\u00e9 du chiot imm\u00e9diatement avant la livraison. Vous avez ainsi la garantie que le chiot est en bonne sant\u00e9, joyeux et pr\u00eat \u00e0 int\u00e9grer un nouveau foyer. <\/li><\/ul>\t\t\t\t\t\t\t\t<\/div>\n\t\t\t\t<div class=\"elementor-element elementor-element-4aa9450 elementor-widget elementor-widget-text-editor\" data-id=\"4aa9450\" data-element_type=\"widget\" data-e-type=\"widget\" data-widget_type=\"text-editor.default\">\n\t\t\t\t\t\t\t\t\t<h4>Comment choisissons-nous les parents pour les port\u00e9es d&rsquo;American Pocket Bull ?<\/h4><p>Les parents de nos chiots sont des sp\u00e9cimens de la race test\u00e9s et en bonne sant\u00e9. Nous prenons soin de leur g\u00e9n\u00e9tique, de leur apparence et de leur caract\u00e8re afin d&rsquo;obtenir des chiots r\u00e9pondant aux standards de <em>la race American Bully<\/em> . <\/p><h5>Pedigree et documentation<\/h5><p>Chaque chiot est accompagn\u00e9 d&rsquo;un pedigree complet et de documents d&rsquo;identification. Nous garantissons ainsi son origine et assurons la s\u00e9curit\u00e9 de nos futurs propri\u00e9taires. <\/p><h5>Comportement et caract\u00e8re des chiots<\/h5><p>Bien qu&rsquo;ils paraissent forts et muscl\u00e9s, <strong>les chiots American Bully<\/strong> sont r\u00e9put\u00e9s pour leur douceur. Nous les \u00e9levons dans un environnement familial o\u00f9 ils apprennent \u00e0 socialiser avec les humains, les enfants et les autres animaux. Ainsi, ils deviennent stables, affectueux et pr\u00eats \u00e0 int\u00e9grer un nouveau foyer.  <\/p><h5>Socialisation des chiots d\u00e8s le premier jour<\/h5><p>Nos chiots grandissent entour\u00e9s de jeu, d&rsquo;attention et d&rsquo;amour. Cela les aide \u00e0 d\u00e9velopper un temp\u00e9rament stable et \u00e0 devenir des chiens qui feront le bonheur de leurs ma\u00eetres. <\/p><h3>Chiots American Pocket Bully \u00e0 vendre&nbsp;: prix et conditions<\/h3><p><strong>Le prix d&rsquo;un chiot American Bully<\/strong> d\u00e9pend de la lign\u00e9e, du pedigree et de la qualit\u00e9 des parents. Dans notre \u00e9levage, vous recevrez un chiot avec tous ses papiers, vaccins et examen v\u00e9t\u00e9rinaire. Pour obtenir des informations pr\u00e9cises sur les port\u00e9es et les prix, contactez-nous directement via <a href=\"https:\/\/royalbullystars.com\/kontakt\/\">la page contact<\/a> .  <\/p>\t\t\t\t\t\t\t\t<\/div>\n\t\t\t\t\t<\/div>\n\t\t\t\t<\/div>\n\t\t\t\t<\/div>\n\t\t","protected":false},"excerpt":{"rendered":"<p>Royal Bully Stars Kennel Chiots Pocket Bully \u00e0 vendre&nbsp;: une qualit\u00e9 sup\u00e9rieure pour les amoureux de la race&nbsp;! Chaque chiot de l&rsquo;\u00e9levage Royal Bully Stars est le fruit d&rsquo;une planification minutieuse et de l&rsquo;amour de la race. Nous combinons les meilleures lign\u00e9es pour obtenir des chiens sains, r\u00e9guliers et, surtout, merveilleux pour la famille. S&rsquo;il [&hellip;]<\/p>\n","protected":false},"author":1,"featured_media":0,"parent":0,"menu_order":0,"comment_status":"closed","ping_status":"closed","template":"","meta":{"footnotes":""},"class_list":["post-1233","page","type-page","status-publish","hentry"],"_links":{"self":[{"href":"https:\/\/royalbullystars.com\/fr\/wp-json\/wp\/v2\/pages\/1233","targetHints":{"allow":["GET"]}}],"collection":[{"href":"https:\/\/royalbullystars.com\/fr\/wp-json\/wp\/v2\/pages"}],"about":[{"href":"https:\/\/royalbullystars.com\/fr\/wp-json\/wp\/v2\/types\/page"}],"author":[{"embeddable":true,"href":"https:\/\/royalbullystars.com\/fr\/wp-json\/wp\/v2\/users\/1"}],"replies":[{"embeddable":true,"href":"https:\/\/royalbullystars.com\/fr\/wp-json\/wp\/v2\/comments?post=1233"}],"version-history":[{"count":0,"href":"https:\/\/royalbullystars.com\/fr\/wp-json\/wp\/v2\/pages\/1233\/revisions"}],"wp:attachment":[{"href":"https:\/\/royalbullystars.com\/fr\/wp-json\/wp\/v2\/media?parent=1233"}],"curies":[{"name":"wp","href":"https:\/\/api.w.org\/{rel}","templated":true}]}}