{"id":1310,"date":"2025-09-02T04:59:15","date_gmt":"2025-09-02T04:59:15","guid":{"rendered":"https:\/\/royalbullystars.com\/perros-bully-de-bolsillo-americanos\/"},"modified":"2025-09-03T17:30:45","modified_gmt":"2025-09-03T17:30:45","slug":"perros-bully-de-bolsillo-americanos","status":"publish","type":"page","link":"https:\/\/royalbullystars.com\/es\/perros-bully-de-bolsillo-americanos\/","title":{"rendered":"Perros bully de bolsillo americanos"},"content":{"rendered":"\t\t<div data-elementor-type=\"wp-page\" data-elementor-id=\"1310\" class=\"elementor elementor-1310 elementor-106\" data-elementor-post-type=\"page\">\n\t\t\t\t<div class=\"elementor-element elementor-element-f97e0e0 e-flex e-con-boxed e-con e-parent\" data-id=\"f97e0e0\" data-element_type=\"container\" data-e-type=\"container\" data-settings=\"{&quot;background_background&quot;:&quot;classic&quot;}\">\n\t\t\t\t\t<div class=\"e-con-inner\">\n\t\t\t\t<div class=\"elementor-element elementor-element-61c37fc elementor-mobile-align-center elementor-widget elementor-widget-breadcrumbs\" data-id=\"61c37fc\" data-element_type=\"widget\" data-e-type=\"widget\" data-widget_type=\"breadcrumbs.default\">\n\t\t\t\t<div class=\"elementor-widget-container\">\n\t\t\t\t\t<span><span class=\"last\">Royal Bully Stars Kennel<\/span><\/span>\t\t\t\t<\/div>\n\t\t\t\t<\/div>\n\t\t\t\t<div class=\"elementor-element elementor-element-4632265 elementor-widget elementor-widget-text-editor\" data-id=\"4632265\" data-element_type=\"widget\" data-e-type=\"widget\" data-widget_type=\"text-editor.default\">\n\t\t\t\t\t\t\t\t\t<p>Estos perros son <strong data-start=\"12685\" data-end=\"12714\">la base de nuestro criadero<\/strong> y la mejor prueba de la calidad de la que nos enorgullecemos. Cada perro que ve en esta p\u00e1gina ha sido cuidadosamente seleccionado por sus excepcionales cualidades: desde una apariencia impresionante hasta un pedigr\u00ed magn\u00edfico y un car\u00e1cter maravilloso. <\/p>\t\t\t\t\t\t\t\t<\/div>\n\t\t\t\t\t<\/div>\n\t\t\t\t<\/div>\n\t\t<div class=\"elementor-element elementor-element-4b673db e-flex e-con-boxed e-con e-parent\" data-id=\"4b673db\" data-element_type=\"container\" data-e-type=\"container\">\n\t\t\t\t\t<div class=\"e-con-inner\">\n\t\t\t\t<div class=\"elementor-element elementor-element-4d9f0f8 elementor-grid-2 elementor-grid-tablet-2 elementor-grid-mobile-1 elementor-widget elementor-widget-loop-grid\" data-id=\"4d9f0f8\" data-element_type=\"widget\" data-e-type=\"widget\" data-settings=\"{&quot;template_id&quot;:314,&quot;columns&quot;:2,&quot;_skin&quot;:&quot;post&quot;,&quot;columns_tablet&quot;:&quot;2&quot;,&quot;columns_mobile&quot;:&quot;1&quot;,&quot;edit_handle_selector&quot;:&quot;[data-elementor-type=\\&quot;loop-item\\&quot;]&quot;,&quot;row_gap&quot;:{&quot;unit&quot;:&quot;px&quot;,&quot;size&quot;:&quot;&quot;,&quot;sizes&quot;:[]},&quot;row_gap_tablet&quot;:{&quot;unit&quot;:&quot;px&quot;,&quot;size&quot;:&quot;&quot;,&quot;sizes&quot;:[]},&quot;row_gap_mobile&quot;:{&quot;unit&quot;:&quot;px&quot;,&quot;size&quot;:&quot;&quot;,&quot;sizes&quot;:[]}}\" data-widget_type=\"loop-grid.post\">\n\t\t\t\t<div class=\"elementor-widget-container\">\n\t\t\t\t\t\t\t<div class=\"elementor-loop-container elementor-grid\" role=\"list\">\n\t\t<style id=\"loop-314\">.elementor-314 .elementor-element.elementor-element-2fbfd58{--display:flex;border-style:solid;--border-style:solid;border-width:1px 1px 1px 1px;--border-top-width:1px;--border-right-width:1px;--border-bottom-width:1px;--border-left-width:1px;border-color:var( --e-global-color-57a29b1 );--border-color:var( --e-global-color-57a29b1 );--padding-top:10px;--padding-bottom:10px;--padding-left:10px;--padding-right:10px;}.elementor-314 .elementor-element.elementor-element-2fbfd58:not(.elementor-motion-effects-element-type-background), .elementor-314 .elementor-element.elementor-element-2fbfd58 > .elementor-motion-effects-container > .elementor-motion-effects-layer{background-color:var( --e-global-color-304d273 );}.elementor-314 .elementor-element.elementor-element-d4ac81a .ekit_image_caption_title, .elementor-314 .elementor-element.elementor-element-d4ac81a .ekit_image_caption_title_show{font-family:\"Roboto\", Sans-serif;font-size:1.2em;font-weight:600;}.elementor-314 .elementor-element.elementor-element-d4ac81a .ekit_image_caption_title span, .elementor-314 .elementor-element.elementor-element-d4ac81a .ekit_image_caption_title_show span{font-family:\"Roboto\", Sans-serif;}.elementor-314 .elementor-element.elementor-element-d4ac81a .ekit_image_caption_title{margin:0px 0px 0px 0px;}.elementor-314 .elementor-element.elementor-element-d4ac81a .ekit_image_caption_description, .elementor-314 .elementor-element.elementor-element-d4ac81a .ekit_image_caption_description_show{font-family:\"Roboto\", Sans-serif;}.elementor-314 .elementor-element.elementor-element-d4ac81a .ekit_image_caption_description{margin:10px 0px 8px 0px;}.elementor-314 .elementor-element.elementor-element-d4ac81a .ekit_image_corner_zoom_back::before, .elementor-314 .elementor-element.elementor-element-d4ac81a .ekit_image_corner_zoom_back::after, .elementor-314 .elementor-element.elementor-element-d4ac81a .ekit_image_corner_zoom_back .ekit_overlay_inner::before, .elementor-314 .elementor-element.elementor-element-d4ac81a .ekit_image_corner_zoom_back .ekit_overlay_inner::after{border-color:var( --e-global-color-primary );}.elementor-314 .elementor-element.elementor-element-d4ac81a .ekit_image_blend_mode::after{border-color:var( --e-global-color-primary );border-width:10px;}.elementor-314 .elementor-element.elementor-element-d4ac81a .ekit_creative_image_hover::before, .elementor-314 .elementor-element.elementor-element-d4ac81a .ekit_creative_image_hover::after, .elementor-314 .elementor-element.elementor-element-d4ac81a .ekit_creative_image_hover .ekit_overlay_inner::before, .elementor-314 .elementor-element.elementor-element-d4ac81a .ekit_creative_image_hover .ekit_overlay_inner::after{background-color:var( --e-global-color-primary );}.elementor-314 .elementor-element.elementor-element-d4ac81a .ekit_image_corner_zoom_back::before{border-width:0px 10px 10px 0px;}.elementor-314 .elementor-element.elementor-element-d4ac81a .ekit_image_corner_zoom_back::after{border-width:0px 0px 10px 10px;}.elementor-314 .elementor-element.elementor-element-d4ac81a .ekit_image_corner_zoom_back .ekit_overlay_inner::before{border-width:10px 10px 0px 0px;}.elementor-314 .elementor-element.elementor-element-d4ac81a .ekit_image_corner_zoom_back .ekit_overlay_inner::after{border-width:10px 0px 0px 10px;}.elementor-314 .elementor-element.elementor-element-d4ac81a .ekit_image_border_reveal_horizontal::before, .elementor-314 .elementor-element.elementor-element-d4ac81a .ekit_image_border_reveal_horizontal::after{height:10px;}.elementor-314 .elementor-element.elementor-element-d4ac81a .ekit_image_border_reveal_horizontal .ekit_overlay_inner::before, .elementor-314 .elementor-element.elementor-element-d4ac81a .ekit_image_border_reveal_horizontal .ekit_overlay_inner::after{width:10px;}.elementor-314 .elementor-element.elementor-element-d4ac81a .ekit-wid-con .ekit_image_hover > img{opacity:0.5;}.elementor-314 .elementor-element.elementor-element-d4ac81a .ekit-wid-con .ekit_image_hover:hover > img{opacity:0.8;}.elementor-314 .elementor-element.elementor-element-6877262{text-align:center;padding:5px 5px 5px 5px;background-color:var( --e-global-color-primary );}.elementor-314 .elementor-element.elementor-element-6877262 .elementor-heading-title{color:var( --e-global-color-21bfb04 );}<\/style>\t\t<div data-elementor-type=\"loop-item\" data-elementor-id=\"314\" class=\"elementor elementor-314 e-loop-item e-loop-item-1363 post-1363 americki-buli type-americki-buli status-publish has-post-thumbnail hentry vrsta-psa-bully-de-bolsillo-americano-adulto\" data-elementor-post-type=\"elementor_library\" data-custom-edit-handle=\"1\">\n\t\t\t<div class=\"elementor-element elementor-element-2fbfd58 e-flex e-con-boxed e-con e-parent\" data-id=\"2fbfd58\" data-element_type=\"container\" data-e-type=\"container\" data-settings=\"{&quot;background_background&quot;:&quot;classic&quot;}\">\n\t\t\t\t\t<div class=\"e-con-inner\">\n\t\t\t\t<div class=\"elementor-element elementor-element-d4ac81a elementor-widget elementor-widget-elementskit-image-hover-effect\" data-id=\"d4ac81a\" data-element_type=\"widget\" data-e-type=\"widget\" data-widget_type=\"elementskit-image-hover-effect.default\">\n\t\t\t\t<div class=\"elementor-widget-container\">\n\t\t\t\t\t<div class=\"ekit-wid-con\" >\t\t\t<div class=\"ekit_image_hover\">\n\t\t\t\t<div class=\"ekit_creative_image_hover ekit_image_corner_zoom_back\">\n\t\t\t\t\t<div class=\"ekit_overlay_inner\"><\/div>\n\t\t\t\t\t<a class=\"ekit-wrapper-link\" href=\"https:\/\/royalbullystars.com\/es\/americki-buli\/hugo\/\"><\/a>\t\t\t\t\t<div class=\"ekit_image_caption ekit_text_none  elementor-animation-shrink\" >\n\t\t\t\t\t\t<h2 class=\"ekit_image_caption_title ekit_hover_show  \" data-settings=\"{&quot;_animation&quot;:&quot;&quot;}\">\n\t\t\t\t\t\t\tHugo\t\t\t\t\t\t<\/h2>\n\t\t\t\t\t\t<p class=\"ekit_image_caption_description   \" data-settings=\"{&quot;_animation&quot;:&quot;&quot;}\">\n\t\t\t\t\t\t\t\t\t\t\t\t\t<\/p>\n\t\t\t\t\t\t\t\t\n\t\t\t\t\t<\/div>\t\t\t\n\t\t\t\t<\/div>\n\t\t\t\t<img decoding=\"async\" src=\"https:\/\/royalbullystars.com\/wp-content\/uploads\/elementor\/thumbs\/1000138098-scaled-rb7nvej273htjtynabr9qs584q9p352v47axsrkwog.jpg\" title=\"1000138098\" alt=\"1000138098\" loading=\"lazy\" \/>\t\t\t<\/div>\n\t\t<\/div>\t\t\t\t<\/div>\n\t\t\t\t<\/div>\n\t\t\t\t<div class=\"elementor-element elementor-element-6877262 elementor-widget elementor-widget-theme-post-title elementor-page-title elementor-widget-heading\" data-id=\"6877262\" data-element_type=\"widget\" data-e-type=\"widget\" data-widget_type=\"theme-post-title.default\">\n\t\t\t\t\t<h5 class=\"elementor-heading-title elementor-size-default\"><a href=\"https:\/\/royalbullystars.com\/es\/americki-buli\/hugo\/\">Hugo<\/a><\/h5>\t\t\t\t<\/div>\n\t\t\t\t<div class=\"elementor-element elementor-element-343bc41 elementor-widget elementor-widget-text-editor\" data-id=\"343bc41\" data-element_type=\"widget\" data-e-type=\"widget\" data-widget_type=\"text-editor.default\">\n\t\t\t\t\t\t\t\t\t<ul>\n<li>Macho<\/li>\n<li>Joven macho, 9 meses<\/li>\n<li>Pedigr\u00ed excelente<\/li>\n<\/ul>\n\t\t\t\t\t\t\t\t<\/div>\n\t\t\t\t\t<\/div>\n\t\t\t\t<\/div>\n\t\t\t\t<\/div>\n\t\t\t\t<div data-elementor-type=\"loop-item\" data-elementor-id=\"314\" class=\"elementor elementor-314 e-loop-item e-loop-item-1243 post-1243 americki-buli type-americki-buli status-publish has-post-thumbnail hentry vrsta-psa-bully-de-bolsillo-americano-adulto\" data-elementor-post-type=\"elementor_library\" data-custom-edit-handle=\"1\">\n\t\t\t<div class=\"elementor-element elementor-element-2fbfd58 e-flex e-con-boxed e-con e-parent\" data-id=\"2fbfd58\" data-element_type=\"container\" data-e-type=\"container\" data-settings=\"{&quot;background_background&quot;:&quot;classic&quot;}\">\n\t\t\t\t\t<div class=\"e-con-inner\">\n\t\t\t\t<div class=\"elementor-element elementor-element-d4ac81a elementor-widget elementor-widget-elementskit-image-hover-effect\" data-id=\"d4ac81a\" data-element_type=\"widget\" data-e-type=\"widget\" data-widget_type=\"elementskit-image-hover-effect.default\">\n\t\t\t\t<div class=\"elementor-widget-container\">\n\t\t\t\t\t<div class=\"ekit-wid-con\" >\t\t\t<div class=\"ekit_image_hover\">\n\t\t\t\t<div class=\"ekit_creative_image_hover ekit_image_corner_zoom_back\">\n\t\t\t\t\t<div class=\"ekit_overlay_inner\"><\/div>\n\t\t\t\t\t<a class=\"ekit-wrapper-link\" href=\"https:\/\/royalbullystars.com\/es\/americki-buli\/olympus-bull-roxy\/\"><\/a>\t\t\t\t\t<div class=\"ekit_image_caption ekit_text_none  elementor-animation-shrink\" >\n\t\t\t\t\t\t<h2 class=\"ekit_image_caption_title ekit_hover_show  \" data-settings=\"{&quot;_animation&quot;:&quot;&quot;}\">\n\t\t\t\t\t\t\tOLYMPUS BULL ROXY\t\t\t\t\t\t<\/h2>\n\t\t\t\t\t\t<p class=\"ekit_image_caption_description   \" data-settings=\"{&quot;_animation&quot;:&quot;&quot;}\">\n\t\t\t\t\t\t\t\t\t\t\t\t\t<\/p>\n\t\t\t\t\t\t\t\t\n\t\t\t\t\t<\/div>\t\t\t\n\t\t\t\t<\/div>\n\t\t\t\t<img decoding=\"async\" src=\"https:\/\/royalbullystars.com\/wp-content\/uploads\/elementor\/thumbs\/1000131521-scaled-rb7nooyjeob4o1pjgxc5fz3rgpcd4xfuizn5gnj33k.jpg\" title=\"1000131521\" alt=\"1000131521\" loading=\"lazy\" \/>\t\t\t<\/div>\n\t\t<\/div>\t\t\t\t<\/div>\n\t\t\t\t<\/div>\n\t\t\t\t<div class=\"elementor-element elementor-element-6877262 elementor-widget elementor-widget-theme-post-title elementor-page-title elementor-widget-heading\" data-id=\"6877262\" data-element_type=\"widget\" data-e-type=\"widget\" data-widget_type=\"theme-post-title.default\">\n\t\t\t\t\t<h5 class=\"elementor-heading-title elementor-size-default\"><a href=\"https:\/\/royalbullystars.com\/es\/americki-buli\/olympus-bull-roxy\/\">OLYMPUS BULL ROXY<\/a><\/h5>\t\t\t\t<\/div>\n\t\t\t\t<div class=\"elementor-element elementor-element-343bc41 elementor-widget elementor-widget-text-editor\" data-id=\"343bc41\" data-element_type=\"widget\" data-e-type=\"widget\" data-widget_type=\"text-editor.default\">\n\t\t\t\t\t\t\t\t\t<ul>\n<li>Hembra<\/li>\n<li>PADRE: BIG DOGS ROMANIA CONOR KAHN.<\/li>\n<li>MADRE: LA MAGIC ETAPE FREYA<\/li>\n<\/ul>\n\t\t\t\t\t\t\t\t<\/div>\n\t\t\t\t\t<\/div>\n\t\t\t\t<\/div>\n\t\t\t\t<\/div>\n\t\t\t\t<div data-elementor-type=\"loop-item\" data-elementor-id=\"314\" class=\"elementor elementor-314 e-loop-item e-loop-item-1279 post-1279 americki-buli type-americki-buli status-publish has-post-thumbnail hentry vrsta-psa-bully-de-bolsillo-americano-adulto\" data-elementor-post-type=\"elementor_library\" data-custom-edit-handle=\"1\">\n\t\t\t<div class=\"elementor-element elementor-element-2fbfd58 e-flex e-con-boxed e-con e-parent\" data-id=\"2fbfd58\" data-element_type=\"container\" data-e-type=\"container\" data-settings=\"{&quot;background_background&quot;:&quot;classic&quot;}\">\n\t\t\t\t\t<div class=\"e-con-inner\">\n\t\t\t\t<div class=\"elementor-element elementor-element-d4ac81a elementor-widget elementor-widget-elementskit-image-hover-effect\" data-id=\"d4ac81a\" data-element_type=\"widget\" data-e-type=\"widget\" data-widget_type=\"elementskit-image-hover-effect.default\">\n\t\t\t\t<div class=\"elementor-widget-container\">\n\t\t\t\t\t<div class=\"ekit-wid-con\" >\t\t\t<div class=\"ekit_image_hover\">\n\t\t\t\t<div class=\"ekit_creative_image_hover ekit_image_corner_zoom_back\">\n\t\t\t\t\t<div class=\"ekit_overlay_inner\"><\/div>\n\t\t\t\t\t<a class=\"ekit-wrapper-link\" href=\"https:\/\/royalbullystars.com\/es\/americki-buli\/bigdogsromania-conor-cahn\/\"><\/a>\t\t\t\t\t<div class=\"ekit_image_caption ekit_text_none  elementor-animation-shrink\" >\n\t\t\t\t\t\t<h2 class=\"ekit_image_caption_title ekit_hover_show  \" data-settings=\"{&quot;_animation&quot;:&quot;&quot;}\">\n\t\t\t\t\t\t\tBigdogsromania Conor Cahn\t\t\t\t\t\t<\/h2>\n\t\t\t\t\t\t<p class=\"ekit_image_caption_description   \" data-settings=\"{&quot;_animation&quot;:&quot;&quot;}\">\n\t\t\t\t\t\t\t\t\t\t\t\t\t<\/p>\n\t\t\t\t\t\t\t\t\n\t\t\t\t\t<\/div>\t\t\t\n\t\t\t\t<\/div>\n\t\t\t\t<img decoding=\"async\" src=\"https:\/\/royalbullystars.com\/wp-content\/uploads\/elementor\/thumbs\/1000134293-rb5hebnnfu6977jqro4q86idz4q7kepidctl6ucrqo.jpg\" title=\"1000134293\" alt=\"1000134293\" loading=\"lazy\" \/>\t\t\t<\/div>\n\t\t<\/div>\t\t\t\t<\/div>\n\t\t\t\t<\/div>\n\t\t\t\t<div class=\"elementor-element elementor-element-6877262 elementor-widget elementor-widget-theme-post-title elementor-page-title elementor-widget-heading\" data-id=\"6877262\" data-element_type=\"widget\" data-e-type=\"widget\" data-widget_type=\"theme-post-title.default\">\n\t\t\t\t\t<h5 class=\"elementor-heading-title elementor-size-default\"><a href=\"https:\/\/royalbullystars.com\/es\/americki-buli\/bigdogsromania-conor-cahn\/\">Bigdogsromania Conor Cahn<\/a><\/h5>\t\t\t\t<\/div>\n\t\t\t\t<div class=\"elementor-element elementor-element-343bc41 elementor-widget elementor-widget-text-editor\" data-id=\"343bc41\" data-element_type=\"widget\" data-e-type=\"widget\" data-widget_type=\"text-editor.default\">\n\t\t\t\t\t\t\t\t\t<ul>\n<li>Macho<\/li>\n<li>Padre: Big Dogs Romania Mr. COI.<\/li>\n<li>Madre: Big Dogs Romania Izoleta.<\/li>\n<\/ul>\n\t\t\t\t\t\t\t\t<\/div>\n\t\t\t\t\t<\/div>\n\t\t\t\t<\/div>\n\t\t\t\t<\/div>\n\t\t\t\t<div data-elementor-type=\"loop-item\" data-elementor-id=\"314\" class=\"elementor elementor-314 e-loop-item e-loop-item-1291 post-1291 americki-buli type-americki-buli status-publish has-post-thumbnail hentry vrsta-psa-bully-de-bolsillo-americano-adulto\" data-elementor-post-type=\"elementor_library\" data-custom-edit-handle=\"1\">\n\t\t\t<div class=\"elementor-element elementor-element-2fbfd58 e-flex e-con-boxed e-con e-parent\" data-id=\"2fbfd58\" data-element_type=\"container\" data-e-type=\"container\" data-settings=\"{&quot;background_background&quot;:&quot;classic&quot;}\">\n\t\t\t\t\t<div class=\"e-con-inner\">\n\t\t\t\t<div class=\"elementor-element elementor-element-d4ac81a elementor-widget elementor-widget-elementskit-image-hover-effect\" data-id=\"d4ac81a\" data-element_type=\"widget\" data-e-type=\"widget\" data-widget_type=\"elementskit-image-hover-effect.default\">\n\t\t\t\t<div class=\"elementor-widget-container\">\n\t\t\t\t\t<div class=\"ekit-wid-con\" >\t\t\t<div class=\"ekit_image_hover\">\n\t\t\t\t<div class=\"ekit_creative_image_hover ekit_image_corner_zoom_back\">\n\t\t\t\t\t<div class=\"ekit_overlay_inner\"><\/div>\n\t\t\t\t\t<a class=\"ekit-wrapper-link\" href=\"https:\/\/royalbullystars.com\/es\/americki-buli\/el-escenario-magico-zilla\/\"><\/a>\t\t\t\t\t<div class=\"ekit_image_caption ekit_text_none  elementor-animation-shrink\" >\n\t\t\t\t\t\t<h2 class=\"ekit_image_caption_title ekit_hover_show  \" data-settings=\"{&quot;_animation&quot;:&quot;&quot;}\">\n\t\t\t\t\t\t\tEl escenario m\u00e1gico Zilla\t\t\t\t\t\t<\/h2>\n\t\t\t\t\t\t<p class=\"ekit_image_caption_description   \" data-settings=\"{&quot;_animation&quot;:&quot;&quot;}\">\n\t\t\t\t\t\t\t\t\t\t\t\t\t<\/p>\n\t\t\t\t\t\t\t\t\n\t\t\t\t\t<\/div>\t\t\t\n\t\t\t\t<\/div>\n\t\t\t\t<img decoding=\"async\" src=\"https:\/\/royalbullystars.com\/wp-content\/uploads\/elementor\/thumbs\/1000138287-scaled-rb5hb17zipo4kcbrz8xqi0eb4kxymjnbx2mepz8dio.jpg\" title=\"1000138287\" alt=\"1000138287\" loading=\"lazy\" \/>\t\t\t<\/div>\n\t\t<\/div>\t\t\t\t<\/div>\n\t\t\t\t<\/div>\n\t\t\t\t<div class=\"elementor-element elementor-element-6877262 elementor-widget elementor-widget-theme-post-title elementor-page-title elementor-widget-heading\" data-id=\"6877262\" data-element_type=\"widget\" data-e-type=\"widget\" data-widget_type=\"theme-post-title.default\">\n\t\t\t\t\t<h5 class=\"elementor-heading-title elementor-size-default\"><a href=\"https:\/\/royalbullystars.com\/es\/americki-buli\/el-escenario-magico-zilla\/\">El escenario m\u00e1gico Zilla<\/a><\/h5>\t\t\t\t<\/div>\n\t\t\t\t<div class=\"elementor-element elementor-element-343bc41 elementor-widget elementor-widget-text-editor\" data-id=\"343bc41\" data-element_type=\"widget\" data-e-type=\"widget\" data-widget_type=\"text-editor.default\">\n\t\t\t\t\t\t\t\t\t<ul>\n<li>Hembra<\/li>\n<li>Padre: MSB PACITO<\/li>\n<li>Madre: WF Bully Time Luna<\/li>\n<\/ul>\n\t\t\t\t\t\t\t\t<\/div>\n\t\t\t\t\t<\/div>\n\t\t\t\t<\/div>\n\t\t\t\t<\/div>\n\t\t\t\t<\/div>\n\t\t\n\t\t\t\t\t\t<\/div>\n\t\t\t\t<\/div>\n\t\t\t\t<div class=\"elementor-element elementor-element-b7df158 elementor-widget elementor-widget-heading\" data-id=\"b7df158\" data-element_type=\"widget\" data-e-type=\"widget\" data-widget_type=\"heading.default\">\n\t\t\t\t\t<h2 class=\"elementor-heading-title elementor-size-default\">Nuestros perros Pocket Bully<\/h2>\t\t\t\t<\/div>\n\t\t\t\t<div class=\"elementor-element elementor-element-9a07e42 elementor-widget elementor-widget-text-editor\" data-id=\"9a07e42\" data-element_type=\"widget\" data-e-type=\"widget\" data-widget_type=\"text-editor.default\">\n\t\t\t\t\t\t\t\t\t<p>Nuestros perros Pocket Bully provienen de los criaderos y linajes m\u00e1s famosos del mundo. Durante a\u00f1os, hemos invertido esfuerzo, tiempo y cari\u00f1o en reunir a este extraordinario grupo de perros. En sus pedigr\u00eds, encontrar\u00e1 campeones y grandes campeones de la raza ABKC, y muchos de nuestros perros ostentan t\u00edtulos de exposici\u00f3n. Detr\u00e1s de cada nombre se esconde una gen\u00e9tica de primera calidad, justo lo que queremos transmitir a las futuras generaciones de cachorros.   <\/p><h4>La salud de los toros de bolsillo americanos<\/h4><p>La salud de nuestros perros es nuestra prioridad. Todos nuestros perros son revisados \u200b\u200bpor veterinarios, se les realizan pruebas para detectar enfermedades gen\u00e9ticas espec\u00edficas de la raza y se cr\u00edan con el m\u00e1ximo cuidado. La actividad f\u00edsica regular, una nutrici\u00f3n de calidad y la prevenci\u00f3n garantizan que nuestros Bullies est\u00e9n en \u00f3ptimas condiciones. Tambi\u00e9n damos gran importancia a la socializaci\u00f3n: aunque su apariencia pueda parecer ruda, estos perros son muy buenos. Se criaron en un ambiente hogare\u00f1o, acostumbrados a los ni\u00f1os y a otros perros. Su temperamento es equilibrado: el American Bully es conocido como un perro de familia, y nuestros perros lo demuestran a diario con su cari\u00f1o y obediencia.     <\/p><p>Nuestros perros no son solo ejemplares de cr\u00eda; son, ante todo, nuestras mascotas y miembros de la familia. Cada uno de estos perros convive con nosotros, comparte su vida diaria y nos ofrece amor incondicional, y nosotros les damos amor incondicional. Creemos que un perro querido y bien cuidado se recompensa con creces; lo vemos en su alegr\u00eda, obediencia y \u00e9xito.  <\/p><p>Nos enorgullece cada momento que pasamos con ellos, ya sea una vuelta triunfal en la exposici\u00f3n o un juego relajado en el jard\u00edn. Nuestros perros reflejan a\u00f1os de trabajo para mejorar la raza American Bully, y cada uno de ellos es especial a su manera. Te invitamos a descubrir nuestro peque\u00f1o mundo bully a trav\u00e9s de esta p\u00e1gina y a descubrir por ti mismo por qu\u00e9 los perros Royal Bully Stars son aut\u00e9nticas estrellas entre la poblaci\u00f3n de Pocket Bully.  <\/p>\t\t\t\t\t\t\t\t<\/div>\n\t\t\t\t<div class=\"elementor-element elementor-element-d517384 elementor-widget elementor-widget-text-editor\" data-id=\"d517384\" data-element_type=\"widget\" data-e-type=\"widget\" data-widget_type=\"text-editor.default\">\n\t\t\t\t\t\t\t\t\t<h3>Precio del American Pocket Bully<\/h3><p>El precio <strong>de un American Pocket Bully<\/strong> depende de varios factores: origen, pedigr\u00ed, linaje y la calidad de los padres. Los perros que provienen de l\u00edneas campeonas y tienen un origen gen\u00e9tico confirmado son m\u00e1s valorados, ya que garantizan salud, un car\u00e1cter estable y una apariencia superior. En nuestro criadero <em>Royal Bully Stars,<\/em> cada perro se entrega con documentaci\u00f3n completa, pedigr\u00ed y certificados veterinarios, para que los clientes obtengan seguridad y calidad.  <\/p><p>Si desea conocer m\u00e1s detalles sobre <strong>el precio de los cachorros Pocket Bully<\/strong> , as\u00ed como las condiciones de reserva y compra, cont\u00e1ctenos directamente a trav\u00e9s <a href=\"https:\/\/royalbullystars.com\/es\/contacto\/\">de la p\u00e1gina de contacto<\/a> o por tel\u00e9fono. Estaremos encantados de brindarle toda la informaci\u00f3n y ayudarle a encontrar su mascota ideal. <\/p>\t\t\t\t\t\t\t\t<\/div>\n\t\t\t\t\t<\/div>\n\t\t\t\t<\/div>\n\t\t\t\t<\/div>\n\t\t","protected":false},"excerpt":{"rendered":"<p>Royal Bully Stars Kennel Estos perros son la base de nuestro criadero y la mejor prueba de la calidad de la que nos enorgullecemos. Cada perro que ve en esta p\u00e1gina ha sido cuidadosamente seleccionado por sus excepcionales cualidades: desde una apariencia impresionante hasta un pedigr\u00ed magn\u00edfico y un car\u00e1cter maravilloso. Nuestros perros Pocket Bully [&hellip;]<\/p>\n","protected":false},"author":1,"featured_media":0,"parent":0,"menu_order":0,"comment_status":"closed","ping_status":"closed","template":"","meta":{"footnotes":""},"class_list":["post-1310","page","type-page","status-publish","hentry"],"_links":{"self":[{"href":"https:\/\/royalbullystars.com\/es\/wp-json\/wp\/v2\/pages\/1310","targetHints":{"allow":["GET"]}}],"collection":[{"href":"https:\/\/royalbullystars.com\/es\/wp-json\/wp\/v2\/pages"}],"about":[{"href":"https:\/\/royalbullystars.com\/es\/wp-json\/wp\/v2\/types\/page"}],"author":[{"embeddable":true,"href":"https:\/\/royalbullystars.com\/es\/wp-json\/wp\/v2\/users\/1"}],"replies":[{"embeddable":true,"href":"https:\/\/royalbullystars.com\/es\/wp-json\/wp\/v2\/comments?post=1310"}],"version-history":[{"count":0,"href":"https:\/\/royalbullystars.com\/es\/wp-json\/wp\/v2\/pages\/1310\/revisions"}],"wp:attachment":[{"href":"https:\/\/royalbullystars.com\/es\/wp-json\/wp\/v2\/media?parent=1310"}],"curies":[{"name":"wp","href":"https:\/\/api.w.org\/{rel}","templated":true}]}}