{"id":1242,"date":"2025-09-02T04:59:34","date_gmt":"2025-09-02T04:59:34","guid":{"rendered":"https:\/\/royalbullystars.com\/cachorros-american-bully-en-venta\/"},"modified":"2025-09-04T05:49:53","modified_gmt":"2025-09-04T05:49:53","slug":"cachorros-american-bully-en-venta","status":"publish","type":"page","link":"https:\/\/royalbullystars.com\/es\/cachorros-american-bully-en-venta\/","title":{"rendered":"Cachorros American Bully en venta"},"content":{"rendered":"\t\t<div data-elementor-type=\"wp-page\" data-elementor-id=\"1242\" class=\"elementor elementor-1242 elementor-108\" data-elementor-post-type=\"page\">\n\t\t\t\t<div class=\"elementor-element elementor-element-d66fc0c e-flex e-con-boxed e-con e-parent\" data-id=\"d66fc0c\" data-element_type=\"container\" data-e-type=\"container\" data-settings=\"{&quot;background_background&quot;:&quot;classic&quot;}\">\n\t\t\t\t\t<div class=\"e-con-inner\">\n\t\t\t\t<div class=\"elementor-element elementor-element-57b44ea elementor-mobile-align-center elementor-widget elementor-widget-breadcrumbs\" data-id=\"57b44ea\" data-element_type=\"widget\" data-e-type=\"widget\" data-widget_type=\"breadcrumbs.default\">\n\t\t\t\t<div class=\"elementor-widget-container\">\n\t\t\t\t\t<span><span class=\"last\">Royal Bully Stars Kennel<\/span><\/span>\t\t\t\t<\/div>\n\t\t\t\t<\/div>\n\t\t\t\t<div class=\"elementor-element elementor-element-5bd863b elementor-widget elementor-widget-text-editor\" data-id=\"5bd863b\" data-element_type=\"widget\" data-e-type=\"widget\" data-widget_type=\"text-editor.default\">\n\t\t\t\t\t\t\t\t\t<p>Cachorros Pocket Bully en venta: \u00a1la mejor calidad para los verdaderos amantes de la raza! Cada cachorro del criadero Royal Bully Stars es el resultado de una cuidadosa planificaci\u00f3n y amor por la raza. Combinamos las mejores l\u00edneas de sangre para obtener perros sanos, regulares y, sobre todo, maravillosos para la familia.  <\/p>\t\t\t\t\t\t\t\t<\/div>\n\t\t\t\t\t<\/div>\n\t\t\t\t<\/div>\n\t\t<div class=\"elementor-element elementor-element-2315d26 e-flex e-con-boxed e-con e-parent\" data-id=\"2315d26\" data-element_type=\"container\" data-e-type=\"container\">\n\t\t\t\t\t<div class=\"e-con-inner\">\n\t\t\t\t<div class=\"elementor-element elementor-element-34c7c57 elementor-grid-2 elementor-grid-tablet-2 elementor-grid-mobile-1 elementor-widget elementor-widget-loop-grid\" data-id=\"34c7c57\" data-element_type=\"widget\" data-e-type=\"widget\" data-settings=\"{&quot;template_id&quot;:314,&quot;columns&quot;:2,&quot;_skin&quot;:&quot;post&quot;,&quot;columns_tablet&quot;:&quot;2&quot;,&quot;columns_mobile&quot;:&quot;1&quot;,&quot;edit_handle_selector&quot;:&quot;[data-elementor-type=\\&quot;loop-item\\&quot;]&quot;,&quot;row_gap&quot;:{&quot;unit&quot;:&quot;px&quot;,&quot;size&quot;:&quot;&quot;,&quot;sizes&quot;:[]},&quot;row_gap_tablet&quot;:{&quot;unit&quot;:&quot;px&quot;,&quot;size&quot;:&quot;&quot;,&quot;sizes&quot;:[]},&quot;row_gap_mobile&quot;:{&quot;unit&quot;:&quot;px&quot;,&quot;size&quot;:&quot;&quot;,&quot;sizes&quot;:[]}}\" data-widget_type=\"loop-grid.post\">\n\t\t\t\t<div class=\"elementor-widget-container\">\n\t\t\t\t\t\t\t<div class=\"elementor-loop-container elementor-grid\" role=\"list\">\n\t\t<style id=\"loop-314\">.elementor-314 .elementor-element.elementor-element-2fbfd58{--display:flex;border-style:solid;--border-style:solid;border-width:1px 1px 1px 1px;--border-top-width:1px;--border-right-width:1px;--border-bottom-width:1px;--border-left-width:1px;border-color:var( --e-global-color-57a29b1 );--border-color:var( --e-global-color-57a29b1 );--padding-top:10px;--padding-bottom:10px;--padding-left:10px;--padding-right:10px;}.elementor-314 .elementor-element.elementor-element-2fbfd58:not(.elementor-motion-effects-element-type-background), .elementor-314 .elementor-element.elementor-element-2fbfd58 > .elementor-motion-effects-container > .elementor-motion-effects-layer{background-color:var( --e-global-color-304d273 );}.elementor-314 .elementor-element.elementor-element-d4ac81a .ekit_image_caption_title, .elementor-314 .elementor-element.elementor-element-d4ac81a .ekit_image_caption_title_show{font-family:\"Roboto\", Sans-serif;font-size:1.2em;font-weight:600;}.elementor-314 .elementor-element.elementor-element-d4ac81a .ekit_image_caption_title span, .elementor-314 .elementor-element.elementor-element-d4ac81a .ekit_image_caption_title_show span{font-family:\"Roboto\", Sans-serif;}.elementor-314 .elementor-element.elementor-element-d4ac81a .ekit_image_caption_title{margin:0px 0px 0px 0px;}.elementor-314 .elementor-element.elementor-element-d4ac81a .ekit_image_caption_description, .elementor-314 .elementor-element.elementor-element-d4ac81a .ekit_image_caption_description_show{font-family:\"Roboto\", Sans-serif;}.elementor-314 .elementor-element.elementor-element-d4ac81a .ekit_image_caption_description{margin:10px 0px 8px 0px;}.elementor-314 .elementor-element.elementor-element-d4ac81a .ekit_image_corner_zoom_back::before, .elementor-314 .elementor-element.elementor-element-d4ac81a .ekit_image_corner_zoom_back::after, .elementor-314 .elementor-element.elementor-element-d4ac81a .ekit_image_corner_zoom_back .ekit_overlay_inner::before, .elementor-314 .elementor-element.elementor-element-d4ac81a .ekit_image_corner_zoom_back .ekit_overlay_inner::after{border-color:var( --e-global-color-primary );}.elementor-314 .elementor-element.elementor-element-d4ac81a .ekit_image_blend_mode::after{border-color:var( --e-global-color-primary );border-width:10px;}.elementor-314 .elementor-element.elementor-element-d4ac81a .ekit_creative_image_hover::before, .elementor-314 .elementor-element.elementor-element-d4ac81a .ekit_creative_image_hover::after, .elementor-314 .elementor-element.elementor-element-d4ac81a .ekit_creative_image_hover .ekit_overlay_inner::before, .elementor-314 .elementor-element.elementor-element-d4ac81a .ekit_creative_image_hover .ekit_overlay_inner::after{background-color:var( --e-global-color-primary );}.elementor-314 .elementor-element.elementor-element-d4ac81a .ekit_image_corner_zoom_back::before{border-width:0px 10px 10px 0px;}.elementor-314 .elementor-element.elementor-element-d4ac81a .ekit_image_corner_zoom_back::after{border-width:0px 0px 10px 10px;}.elementor-314 .elementor-element.elementor-element-d4ac81a .ekit_image_corner_zoom_back .ekit_overlay_inner::before{border-width:10px 10px 0px 0px;}.elementor-314 .elementor-element.elementor-element-d4ac81a .ekit_image_corner_zoom_back .ekit_overlay_inner::after{border-width:10px 0px 0px 10px;}.elementor-314 .elementor-element.elementor-element-d4ac81a .ekit_image_border_reveal_horizontal::before, .elementor-314 .elementor-element.elementor-element-d4ac81a .ekit_image_border_reveal_horizontal::after{height:10px;}.elementor-314 .elementor-element.elementor-element-d4ac81a .ekit_image_border_reveal_horizontal .ekit_overlay_inner::before, .elementor-314 .elementor-element.elementor-element-d4ac81a .ekit_image_border_reveal_horizontal .ekit_overlay_inner::after{width:10px;}.elementor-314 .elementor-element.elementor-element-d4ac81a .ekit-wid-con .ekit_image_hover > img{opacity:0.5;}.elementor-314 .elementor-element.elementor-element-d4ac81a .ekit-wid-con .ekit_image_hover:hover > img{opacity:0.8;}.elementor-314 .elementor-element.elementor-element-6877262{text-align:center;padding:5px 5px 5px 5px;background-color:var( --e-global-color-primary );}.elementor-314 .elementor-element.elementor-element-6877262 .elementor-heading-title{color:var( --e-global-color-21bfb04 );}<\/style>\t\t<div data-elementor-type=\"loop-item\" data-elementor-id=\"314\" class=\"elementor elementor-314 e-loop-item e-loop-item-1351 post-1351 americki-buli type-americki-buli status-publish has-post-thumbnail hentry vrsta-psa-cachorros-de-american-bully\" data-elementor-post-type=\"elementor_library\" data-custom-edit-handle=\"1\">\n\t\t\t<div class=\"elementor-element elementor-element-2fbfd58 e-flex e-con-boxed e-con e-parent\" data-id=\"2fbfd58\" data-element_type=\"container\" data-e-type=\"container\" data-settings=\"{&quot;background_background&quot;:&quot;classic&quot;}\">\n\t\t\t\t\t<div class=\"e-con-inner\">\n\t\t\t\t<div class=\"elementor-element elementor-element-d4ac81a elementor-widget elementor-widget-elementskit-image-hover-effect\" data-id=\"d4ac81a\" data-element_type=\"widget\" data-e-type=\"widget\" data-widget_type=\"elementskit-image-hover-effect.default\">\n\t\t\t\t<div class=\"elementor-widget-container\">\n\t\t\t\t\t<div class=\"ekit-wid-con\" >\t\t\t<div class=\"ekit_image_hover\">\n\t\t\t\t<div class=\"ekit_creative_image_hover ekit_image_corner_zoom_back\">\n\t\t\t\t\t<div class=\"ekit_overlay_inner\"><\/div>\n\t\t\t\t\t<a class=\"ekit-wrapper-link\" href=\"https:\/\/royalbullystars.com\/es\/americki-buli\/cachorros-american-bully-nacidos-el-17-07-2025\/\"><\/a>\t\t\t\t\t<div class=\"ekit_image_caption ekit_text_none  elementor-animation-shrink\" >\n\t\t\t\t\t\t<h2 class=\"ekit_image_caption_title ekit_hover_show  \" data-settings=\"{&quot;_animation&quot;:&quot;&quot;}\">\n\t\t\t\t\t\t\tCachorros American Bully nacidos el 19.09.2025.\t\t\t\t\t\t<\/h2>\n\t\t\t\t\t\t<p class=\"ekit_image_caption_description   \" data-settings=\"{&quot;_animation&quot;:&quot;&quot;}\">\n\t\t\t\t\t\t\t\t\t\t\t\t\t<\/p>\n\t\t\t\t\t\t\t\t\n\t\t\t\t\t<\/div>\t\t\t\n\t\t\t\t<\/div>\n\t\t\t\t<img decoding=\"async\" src=\"https:\/\/royalbullystars.com\/wp-content\/uploads\/elementor\/thumbs\/7676-rhp9g2jk0u4crofx2dhdr7wm1sc8xyf7b6hrmd1mk0.jpeg\" title=\"7676\" alt=\"Female\" loading=\"lazy\" \/>\t\t\t<\/div>\n\t\t<\/div>\t\t\t\t<\/div>\n\t\t\t\t<\/div>\n\t\t\t\t<div class=\"elementor-element elementor-element-6877262 elementor-widget elementor-widget-theme-post-title elementor-page-title elementor-widget-heading\" data-id=\"6877262\" data-element_type=\"widget\" data-e-type=\"widget\" data-widget_type=\"theme-post-title.default\">\n\t\t\t\t\t<h5 class=\"elementor-heading-title elementor-size-default\"><a href=\"https:\/\/royalbullystars.com\/es\/americki-buli\/cachorros-american-bully-nacidos-el-17-07-2025\/\">Cachorros American Bully nacidos el 19.09.2025.<\/a><\/h5>\t\t\t\t<\/div>\n\t\t\t\t<div class=\"elementor-element elementor-element-343bc41 elementor-widget elementor-widget-text-editor\" data-id=\"343bc41\" data-element_type=\"widget\" data-e-type=\"widget\" data-widget_type=\"text-editor.default\">\n\t\t\t\t\t\t\t\t\t<ul>\n<li>Nacido: 19\/09\/2025.<\/li>\n<li>Padre: Ragnar<\/li>\n<li>Madre: Roxy<\/li>\n<li>Recibi\u00f3 todas las vacunas.<\/li>\n<\/ul>\n\t\t\t\t\t\t\t\t<\/div>\n\t\t\t\t\t<\/div>\n\t\t\t\t<\/div>\n\t\t\t\t<\/div>\n\t\t\t\t<div data-elementor-type=\"loop-item\" data-elementor-id=\"314\" class=\"elementor elementor-314 e-loop-item e-loop-item-1295 post-1295 americki-buli type-americki-buli status-publish has-post-thumbnail hentry vrsta-psa-cachorros-de-american-bully\" data-elementor-post-type=\"elementor_library\" data-custom-edit-handle=\"1\">\n\t\t\t<div class=\"elementor-element elementor-element-2fbfd58 e-flex e-con-boxed e-con e-parent\" data-id=\"2fbfd58\" data-element_type=\"container\" data-e-type=\"container\" data-settings=\"{&quot;background_background&quot;:&quot;classic&quot;}\">\n\t\t\t\t\t<div class=\"e-con-inner\">\n\t\t\t\t<div class=\"elementor-element elementor-element-d4ac81a elementor-widget elementor-widget-elementskit-image-hover-effect\" data-id=\"d4ac81a\" data-element_type=\"widget\" data-e-type=\"widget\" data-widget_type=\"elementskit-image-hover-effect.default\">\n\t\t\t\t<div class=\"elementor-widget-container\">\n\t\t\t\t\t<div class=\"ekit-wid-con\" >\t\t\t<div class=\"ekit_image_hover\">\n\t\t\t\t<div class=\"ekit_creative_image_hover ekit_image_corner_zoom_back\">\n\t\t\t\t\t<div class=\"ekit_overlay_inner\"><\/div>\n\t\t\t\t\t<a class=\"ekit-wrapper-link\" href=\"https:\/\/royalbullystars.com\/es\/americki-buli\/cachorros-american-bully-nacidos-el-07-07-2025\/\"><\/a>\t\t\t\t\t<div class=\"ekit_image_caption ekit_text_none  elementor-animation-shrink\" >\n\t\t\t\t\t\t<h2 class=\"ekit_image_caption_title ekit_hover_show  \" data-settings=\"{&quot;_animation&quot;:&quot;&quot;}\">\n\t\t\t\t\t\t\tCachorros American Bully nacidos el 19.09.2025.\t\t\t\t\t\t<\/h2>\n\t\t\t\t\t\t<p class=\"ekit_image_caption_description   \" data-settings=\"{&quot;_animation&quot;:&quot;&quot;}\">\n\t\t\t\t\t\t\t\t\t\t\t\t\t<\/p>\n\t\t\t\t\t\t\t\t\n\t\t\t\t\t<\/div>\t\t\t\n\t\t\t\t<\/div>\n\t\t\t\t<img decoding=\"async\" src=\"https:\/\/royalbullystars.com\/wp-content\/uploads\/elementor\/thumbs\/1000209625-e1773236619411-rkcqw2be93smnhkrp4isvuee668apxdnqvqjvunt68.jpg\" title=\"1000209625\" alt=\"1000209625\" loading=\"lazy\" \/>\t\t\t<\/div>\n\t\t<\/div>\t\t\t\t<\/div>\n\t\t\t\t<\/div>\n\t\t\t\t<div class=\"elementor-element elementor-element-6877262 elementor-widget elementor-widget-theme-post-title elementor-page-title elementor-widget-heading\" data-id=\"6877262\" data-element_type=\"widget\" data-e-type=\"widget\" data-widget_type=\"theme-post-title.default\">\n\t\t\t\t\t<h5 class=\"elementor-heading-title elementor-size-default\"><a href=\"https:\/\/royalbullystars.com\/es\/americki-buli\/cachorros-american-bully-nacidos-el-07-07-2025\/\">Cachorros American Bully nacidos el 19.09.2025.<\/a><\/h5>\t\t\t\t<\/div>\n\t\t\t\t<div class=\"elementor-element elementor-element-343bc41 elementor-widget elementor-widget-text-editor\" data-id=\"343bc41\" data-element_type=\"widget\" data-e-type=\"widget\" data-widget_type=\"text-editor.default\">\n\t\t\t\t\t\t\t\t\t<ul>\n<li>Nacido: 19\/09\/2025.<\/li>\n<li>Padre: Ragnar<\/li>\n<li>Madre: Roxy<\/li>\n<li>Ofrecemos una camiseta tricolor para hombre.<\/li>\n<li>Todas las vacunas recibidas.<\/li>\n<\/ul>\n\t\t\t\t\t\t\t\t<\/div>\n\t\t\t\t\t<\/div>\n\t\t\t\t<\/div>\n\t\t\t\t<\/div>\n\t\t\t\t<\/div>\n\t\t\n\t\t\t\t\t\t<\/div>\n\t\t\t\t<\/div>\n\t\t\t\t\t<\/div>\n\t\t\t\t<\/div>\n\t\t<div class=\"elementor-element elementor-element-1c4bcbf e-flex e-con-boxed e-con e-parent\" data-id=\"1c4bcbf\" data-element_type=\"container\" data-e-type=\"container\">\n\t\t\t\t\t<div class=\"e-con-inner\">\n\t\t\t\t<div class=\"elementor-element elementor-element-a21ff65 elementor-widget elementor-widget-text-editor\" data-id=\"a21ff65\" data-element_type=\"widget\" data-e-type=\"widget\" data-widget_type=\"text-editor.default\">\n\t\t\t\t\t\t\t\t\t<p>Si actualmente no hay cachorros disponibles, por favor, cont\u00e1ctenos. A menudo planificamos nuevas camadas y es posible reservar un cachorro con antelaci\u00f3n. Nuestras camadas de Pocket Bully son limitadas y se planifican cuidadosamente, ya que priorizamos la calidad, no la cantidad. <\/p><p>Qu\u00e9 puede esperar de nuestros cachorros: Cada uno de nuestros cachorros crece en un hogar, con cuidados y socializaci\u00f3n constantes. Desde peque\u00f1os, los acostumbramos al contacto humano, al juego y a los sonidos b\u00e1sicos del hogar, para que al unirse a su familia, sean seguros y juguetones. Los padres de los cachorros son ejemplares American Bully cuidadosamente seleccionados con excelentes pedigr\u00eds y un car\u00e1cter sano, lo que garantiza la calidad de la descendencia.  <\/p>\t\t\t\t\t\t\t\t<\/div>\n\t\t\t\t<div class=\"elementor-element elementor-element-57edb92 elementor-widget elementor-widget-text-editor\" data-id=\"57edb92\" data-element_type=\"widget\" data-e-type=\"widget\" data-widget_type=\"text-editor.default\">\n\t\t\t\t\t\t\t\t\t<h4>Salud y documentaci\u00f3n de los acosadores<\/h4><p>Damos gran importancia a la salud de los cachorros. Todos los cachorros se someten a ex\u00e1menes veterinarios antes de llegar a su nuevo hogar. El comprador recibe la documentaci\u00f3n completa y cada cachorro incluye:  <\/p><ul><li><strong>Vacunaci\u00f3n y desparasitaci\u00f3n<\/strong> : Los cachorros ser\u00e1n vacunados seg\u00fan su edad y desparasitados repetidamente como medida preventiva, de acuerdo con las recomendaciones veterinarias.<\/li><li><strong>Con microchip y pasaporte<\/strong> : Cada cachorro estar\u00e1 marcado con un microchip (registrado en la base de datos) y tendr\u00e1 un pasaporte veterinario UE expedido, que facilita el seguimiento de las vacunaciones y permite viajar al extranjero.<\/li><li><strong>Pedigr\u00ed<\/strong> : Con el cachorro, obtendr\u00e1 un pedigr\u00ed ABKC, que confirma el origen a lo largo de varias generaciones. Nos enorgullecemos de las l\u00edneas de sangre campeonas registradas en estos pedigr\u00edes; esto es garant\u00eda de calidad gen\u00e9tica. <\/li><li><strong>Certificado de salud<\/strong> : Si lo solicita, le proporcionaremos un certificado veterinario sobre la salud del cachorro inmediatamente antes de la entrega. As\u00ed, podr\u00e1 estar seguro de que el cachorro est\u00e1 cl\u00ednicamente sano, alegre y listo para un nuevo hogar. <\/li><\/ul>\t\t\t\t\t\t\t\t<\/div>\n\t\t\t\t<div class=\"elementor-element elementor-element-4aa9450 elementor-widget elementor-widget-text-editor\" data-id=\"4aa9450\" data-element_type=\"widget\" data-e-type=\"widget\" data-widget_type=\"text-editor.default\">\n\t\t\t\t\t\t\t\t\t<h4>\u00bfC\u00f3mo elegimos a los padres para las camadas de American Pocket Bull?<\/h4><p>Los padres de nuestros cachorros son ejemplares sanos y probados de la raza. Cuidamos la gen\u00e9tica, la apariencia y el car\u00e1cter para obtener cr\u00edas que cumplan con los est\u00e1ndares de <em>la raza American Bully<\/em> . <\/p><h5>Pedigr\u00ed y documentaci\u00f3n<\/h5><p>Cada cachorro incluye pedigr\u00ed completo y documentaci\u00f3n. De esta forma, garantizamos el origen y brindamos seguridad a los futuros due\u00f1os. <\/p><h5>Comportamiento y car\u00e1cter de los cachorros<\/h5><p>Aunque parecen fuertes y musculosos, <strong>los cachorros American Bully<\/strong> son conocidos por su car\u00e1cter d\u00f3cil. Los criamos en un entorno familiar donde aprenden a socializar con personas, ni\u00f1os y otros animales. De esta manera, se vuelven estables, cari\u00f1osos y listos para un nuevo hogar.  <\/p><h5>Socializaci\u00f3n de los cachorros desde el primer d\u00eda<\/h5><p>Nuestros cachorros crecen con juego, atenci\u00f3n y amor. Esto les ayuda a desarrollar un temperamento estable y a convertirse en perros que alegrar\u00e1n a sus due\u00f1os. <\/p><h3>Cachorros American Pocket Bully en venta: precio y condiciones<\/h3><p><strong>El precio de un cachorro American Bully<\/strong> depende de la l\u00ednea de sangre, el pedigr\u00ed y la calidad de los padres. En nuestro criadero, recibir\u00e1 un cachorro con documentaci\u00f3n completa, vacunas y revisi\u00f3n veterinaria. Para obtener informaci\u00f3n precisa sobre las camadas y precios actuales, cont\u00e1ctenos directamente a trav\u00e9s de <a href=\"https:\/\/royalbullystars.com\/es\/contacto\/\">la p\u00e1gina de contacto<\/a> .  <\/p>\t\t\t\t\t\t\t\t<\/div>\n\t\t\t\t\t<\/div>\n\t\t\t\t<\/div>\n\t\t\t\t<\/div>\n\t\t","protected":false},"excerpt":{"rendered":"<p>Royal Bully Stars Kennel Cachorros Pocket Bully en venta: \u00a1la mejor calidad para los verdaderos amantes de la raza! Cada cachorro del criadero Royal Bully Stars es el resultado de una cuidadosa planificaci\u00f3n y amor por la raza. Combinamos las mejores l\u00edneas de sangre para obtener perros sanos, regulares y, sobre todo, maravillosos para la [&hellip;]<\/p>\n","protected":false},"author":1,"featured_media":0,"parent":0,"menu_order":0,"comment_status":"closed","ping_status":"closed","template":"","meta":{"footnotes":""},"class_list":["post-1242","page","type-page","status-publish","hentry"],"_links":{"self":[{"href":"https:\/\/royalbullystars.com\/es\/wp-json\/wp\/v2\/pages\/1242","targetHints":{"allow":["GET"]}}],"collection":[{"href":"https:\/\/royalbullystars.com\/es\/wp-json\/wp\/v2\/pages"}],"about":[{"href":"https:\/\/royalbullystars.com\/es\/wp-json\/wp\/v2\/types\/page"}],"author":[{"embeddable":true,"href":"https:\/\/royalbullystars.com\/es\/wp-json\/wp\/v2\/users\/1"}],"replies":[{"embeddable":true,"href":"https:\/\/royalbullystars.com\/es\/wp-json\/wp\/v2\/comments?post=1242"}],"version-history":[{"count":0,"href":"https:\/\/royalbullystars.com\/es\/wp-json\/wp\/v2\/pages\/1242\/revisions"}],"wp:attachment":[{"href":"https:\/\/royalbullystars.com\/es\/wp-json\/wp\/v2\/media?parent=1242"}],"curies":[{"name":"wp","href":"https:\/\/api.w.org\/{rel}","templated":true}]}}