{"id":1309,"date":"2025-09-02T04:59:15","date_gmt":"2025-09-02T04:59:15","guid":{"rendered":"https:\/\/royalbullystars.com\/amerikanische-pocket-bully-dogs\/"},"modified":"2025-09-03T17:30:45","modified_gmt":"2025-09-03T17:30:45","slug":"amerikanische-pocket-bully-dogs","status":"publish","type":"page","link":"https:\/\/royalbullystars.com\/de\/amerikanische-pocket-bully-dogs\/","title":{"rendered":"Amerikanische Pocket Bully Dogs"},"content":{"rendered":"\t\t<div data-elementor-type=\"wp-page\" data-elementor-id=\"1309\" class=\"elementor elementor-1309 elementor-106\" data-elementor-post-type=\"page\">\n\t\t\t\t<div class=\"elementor-element elementor-element-f97e0e0 e-flex e-con-boxed e-con e-parent\" data-id=\"f97e0e0\" data-element_type=\"container\" data-e-type=\"container\" data-settings=\"{&quot;background_background&quot;:&quot;classic&quot;}\">\n\t\t\t\t\t<div class=\"e-con-inner\">\n\t\t\t\t<div class=\"elementor-element elementor-element-61c37fc elementor-mobile-align-center elementor-widget elementor-widget-breadcrumbs\" data-id=\"61c37fc\" data-element_type=\"widget\" data-e-type=\"widget\" data-widget_type=\"breadcrumbs.default\">\n\t\t\t\t<div class=\"elementor-widget-container\">\n\t\t\t\t\t<span><span class=\"last\">Royal Bully Stars Kennel<\/span><\/span>\t\t\t\t<\/div>\n\t\t\t\t<\/div>\n\t\t\t\t<div class=\"elementor-element elementor-element-4632265 elementor-widget elementor-widget-text-editor\" data-id=\"4632265\" data-element_type=\"widget\" data-e-type=\"widget\" data-widget_type=\"text-editor.default\">\n\t\t\t\t\t\t\t\t\t<p>Diese Hunde sind <strong data-start=\"12685\" data-end=\"12714\">das Fundament unserer Zucht<\/strong> und der beste Beweis f\u00fcr die Qualit\u00e4t, auf die wir stolz sind. Jeder Hund, den Sie auf dieser Seite sehen, wurde sorgf\u00e4ltig aufgrund seiner au\u00dfergew\u00f6hnlichen Eigenschaften ausgew\u00e4hlt: vom beeindruckenden Aussehen \u00fcber die hervorragende Abstammung bis hin zum wunderbaren Charakter. <\/p>\t\t\t\t\t\t\t\t<\/div>\n\t\t\t\t\t<\/div>\n\t\t\t\t<\/div>\n\t\t<div class=\"elementor-element elementor-element-4b673db e-flex e-con-boxed e-con e-parent\" data-id=\"4b673db\" data-element_type=\"container\" data-e-type=\"container\">\n\t\t\t\t\t<div class=\"e-con-inner\">\n\t\t\t\t<div class=\"elementor-element elementor-element-4d9f0f8 elementor-grid-2 elementor-grid-tablet-2 elementor-grid-mobile-1 elementor-widget elementor-widget-loop-grid\" data-id=\"4d9f0f8\" data-element_type=\"widget\" data-e-type=\"widget\" data-settings=\"{&quot;template_id&quot;:314,&quot;columns&quot;:2,&quot;_skin&quot;:&quot;post&quot;,&quot;columns_tablet&quot;:&quot;2&quot;,&quot;columns_mobile&quot;:&quot;1&quot;,&quot;edit_handle_selector&quot;:&quot;[data-elementor-type=\\&quot;loop-item\\&quot;]&quot;,&quot;row_gap&quot;:{&quot;unit&quot;:&quot;px&quot;,&quot;size&quot;:&quot;&quot;,&quot;sizes&quot;:[]},&quot;row_gap_tablet&quot;:{&quot;unit&quot;:&quot;px&quot;,&quot;size&quot;:&quot;&quot;,&quot;sizes&quot;:[]},&quot;row_gap_mobile&quot;:{&quot;unit&quot;:&quot;px&quot;,&quot;size&quot;:&quot;&quot;,&quot;sizes&quot;:[]}}\" data-widget_type=\"loop-grid.post\">\n\t\t\t\t<div class=\"elementor-widget-container\">\n\t\t\t\t\t\t\t<div class=\"elementor-loop-container elementor-grid\" role=\"list\">\n\t\t<style id=\"loop-314\">.elementor-314 .elementor-element.elementor-element-2fbfd58{--display:flex;border-style:solid;--border-style:solid;border-width:1px 1px 1px 1px;--border-top-width:1px;--border-right-width:1px;--border-bottom-width:1px;--border-left-width:1px;border-color:var( --e-global-color-57a29b1 );--border-color:var( --e-global-color-57a29b1 );--padding-top:10px;--padding-bottom:10px;--padding-left:10px;--padding-right:10px;}.elementor-314 .elementor-element.elementor-element-2fbfd58:not(.elementor-motion-effects-element-type-background), .elementor-314 .elementor-element.elementor-element-2fbfd58 > .elementor-motion-effects-container > .elementor-motion-effects-layer{background-color:var( --e-global-color-304d273 );}.elementor-314 .elementor-element.elementor-element-d4ac81a .ekit_image_caption_title, .elementor-314 .elementor-element.elementor-element-d4ac81a .ekit_image_caption_title_show{font-family:\"Roboto\", Sans-serif;font-size:1.2em;font-weight:600;}.elementor-314 .elementor-element.elementor-element-d4ac81a .ekit_image_caption_title span, .elementor-314 .elementor-element.elementor-element-d4ac81a .ekit_image_caption_title_show span{font-family:\"Roboto\", Sans-serif;}.elementor-314 .elementor-element.elementor-element-d4ac81a .ekit_image_caption_title{margin:0px 0px 0px 0px;}.elementor-314 .elementor-element.elementor-element-d4ac81a .ekit_image_caption_description, .elementor-314 .elementor-element.elementor-element-d4ac81a .ekit_image_caption_description_show{font-family:\"Roboto\", Sans-serif;}.elementor-314 .elementor-element.elementor-element-d4ac81a .ekit_image_caption_description{margin:10px 0px 8px 0px;}.elementor-314 .elementor-element.elementor-element-d4ac81a .ekit_image_corner_zoom_back::before, .elementor-314 .elementor-element.elementor-element-d4ac81a .ekit_image_corner_zoom_back::after, .elementor-314 .elementor-element.elementor-element-d4ac81a .ekit_image_corner_zoom_back .ekit_overlay_inner::before, .elementor-314 .elementor-element.elementor-element-d4ac81a .ekit_image_corner_zoom_back .ekit_overlay_inner::after{border-color:var( --e-global-color-primary );}.elementor-314 .elementor-element.elementor-element-d4ac81a .ekit_image_blend_mode::after{border-color:var( --e-global-color-primary );border-width:10px;}.elementor-314 .elementor-element.elementor-element-d4ac81a .ekit_creative_image_hover::before, .elementor-314 .elementor-element.elementor-element-d4ac81a .ekit_creative_image_hover::after, .elementor-314 .elementor-element.elementor-element-d4ac81a .ekit_creative_image_hover .ekit_overlay_inner::before, .elementor-314 .elementor-element.elementor-element-d4ac81a .ekit_creative_image_hover .ekit_overlay_inner::after{background-color:var( --e-global-color-primary );}.elementor-314 .elementor-element.elementor-element-d4ac81a .ekit_image_corner_zoom_back::before{border-width:0px 10px 10px 0px;}.elementor-314 .elementor-element.elementor-element-d4ac81a .ekit_image_corner_zoom_back::after{border-width:0px 0px 10px 10px;}.elementor-314 .elementor-element.elementor-element-d4ac81a .ekit_image_corner_zoom_back .ekit_overlay_inner::before{border-width:10px 10px 0px 0px;}.elementor-314 .elementor-element.elementor-element-d4ac81a .ekit_image_corner_zoom_back .ekit_overlay_inner::after{border-width:10px 0px 0px 10px;}.elementor-314 .elementor-element.elementor-element-d4ac81a .ekit_image_border_reveal_horizontal::before, .elementor-314 .elementor-element.elementor-element-d4ac81a .ekit_image_border_reveal_horizontal::after{height:10px;}.elementor-314 .elementor-element.elementor-element-d4ac81a .ekit_image_border_reveal_horizontal .ekit_overlay_inner::before, .elementor-314 .elementor-element.elementor-element-d4ac81a .ekit_image_border_reveal_horizontal .ekit_overlay_inner::after{width:10px;}.elementor-314 .elementor-element.elementor-element-d4ac81a .ekit-wid-con .ekit_image_hover > img{opacity:0.5;}.elementor-314 .elementor-element.elementor-element-d4ac81a .ekit-wid-con .ekit_image_hover:hover > img{opacity:0.8;}.elementor-314 .elementor-element.elementor-element-6877262{text-align:center;padding:5px 5px 5px 5px;background-color:var( --e-global-color-primary );}.elementor-314 .elementor-element.elementor-element-6877262 .elementor-heading-title{color:var( --e-global-color-21bfb04 );}<\/style>\t\t<div data-elementor-type=\"loop-item\" data-elementor-id=\"314\" class=\"elementor elementor-314 e-loop-item e-loop-item-1358 post-1358 americki-buli type-americki-buli status-publish has-post-thumbnail hentry vrsta-psa-erwachsener-amerikanischer-pocket-bully\" data-elementor-post-type=\"elementor_library\" data-custom-edit-handle=\"1\">\n\t\t\t<div class=\"elementor-element elementor-element-2fbfd58 e-flex e-con-boxed e-con e-parent\" data-id=\"2fbfd58\" data-element_type=\"container\" data-e-type=\"container\" data-settings=\"{&quot;background_background&quot;:&quot;classic&quot;}\">\n\t\t\t\t\t<div class=\"e-con-inner\">\n\t\t\t\t<div class=\"elementor-element elementor-element-d4ac81a elementor-widget elementor-widget-elementskit-image-hover-effect\" data-id=\"d4ac81a\" data-element_type=\"widget\" data-e-type=\"widget\" data-widget_type=\"elementskit-image-hover-effect.default\">\n\t\t\t\t<div class=\"elementor-widget-container\">\n\t\t\t\t\t<div class=\"ekit-wid-con\" >\t\t\t<div class=\"ekit_image_hover\">\n\t\t\t\t<div class=\"ekit_creative_image_hover ekit_image_corner_zoom_back\">\n\t\t\t\t\t<div class=\"ekit_overlay_inner\"><\/div>\n\t\t\t\t\t<a class=\"ekit-wrapper-link\" href=\"https:\/\/royalbullystars.com\/de\/americki-buli\/hugo\/\"><\/a>\t\t\t\t\t<div class=\"ekit_image_caption ekit_text_none  elementor-animation-shrink\" >\n\t\t\t\t\t\t<h2 class=\"ekit_image_caption_title ekit_hover_show  \" data-settings=\"{&quot;_animation&quot;:&quot;&quot;}\">\n\t\t\t\t\t\t\tHugo\t\t\t\t\t\t<\/h2>\n\t\t\t\t\t\t<p class=\"ekit_image_caption_description   \" data-settings=\"{&quot;_animation&quot;:&quot;&quot;}\">\n\t\t\t\t\t\t\t\t\t\t\t\t\t<\/p>\n\t\t\t\t\t\t\t\t\n\t\t\t\t\t<\/div>\t\t\t\n\t\t\t\t<\/div>\n\t\t\t\t<img decoding=\"async\" src=\"https:\/\/royalbullystars.com\/wp-content\/uploads\/elementor\/thumbs\/1000138098-scaled-rb7nvej273htjtynabr9qs584q9p352v47axsrkwog.jpg\" title=\"1000138098\" alt=\"1000138098\" loading=\"lazy\" \/>\t\t\t<\/div>\n\t\t<\/div>\t\t\t\t<\/div>\n\t\t\t\t<\/div>\n\t\t\t\t<div class=\"elementor-element elementor-element-6877262 elementor-widget elementor-widget-theme-post-title elementor-page-title elementor-widget-heading\" data-id=\"6877262\" data-element_type=\"widget\" data-e-type=\"widget\" data-widget_type=\"theme-post-title.default\">\n\t\t\t\t\t<h5 class=\"elementor-heading-title elementor-size-default\"><a href=\"https:\/\/royalbullystars.com\/de\/americki-buli\/hugo\/\">Hugo<\/a><\/h5>\t\t\t\t<\/div>\n\t\t\t\t<div class=\"elementor-element elementor-element-343bc41 elementor-widget elementor-widget-text-editor\" data-id=\"343bc41\" data-element_type=\"widget\" data-e-type=\"widget\" data-widget_type=\"text-editor.default\">\n\t\t\t\t\t\t\t\t\t<ul>\n<li>R\u00fcde<\/li>\n<li>Junger R\u00fcde, 12\u00a0 Monate alt<\/li>\n<li>Hervorragendes Pedigree<\/li>\n<\/ul>\n\t\t\t\t\t\t\t\t<\/div>\n\t\t\t\t\t<\/div>\n\t\t\t\t<\/div>\n\t\t\t\t<\/div>\n\t\t\t\t<div data-elementor-type=\"loop-item\" data-elementor-id=\"314\" class=\"elementor elementor-314 e-loop-item e-loop-item-1373 post-1373 americki-buli type-americki-buli status-publish has-post-thumbnail hentry vrsta-psa-erwachsener-amerikanischer-pocket-bully\" data-elementor-post-type=\"elementor_library\" data-custom-edit-handle=\"1\">\n\t\t\t<div class=\"elementor-element elementor-element-2fbfd58 e-flex e-con-boxed e-con e-parent\" data-id=\"2fbfd58\" data-element_type=\"container\" data-e-type=\"container\" data-settings=\"{&quot;background_background&quot;:&quot;classic&quot;}\">\n\t\t\t\t\t<div class=\"e-con-inner\">\n\t\t\t\t<div class=\"elementor-element elementor-element-d4ac81a elementor-widget elementor-widget-elementskit-image-hover-effect\" data-id=\"d4ac81a\" data-element_type=\"widget\" data-e-type=\"widget\" data-widget_type=\"elementskit-image-hover-effect.default\">\n\t\t\t\t<div class=\"elementor-widget-container\">\n\t\t\t\t\t<div class=\"ekit-wid-con\" >\t\t\t<div class=\"ekit_image_hover\">\n\t\t\t\t<div class=\"ekit_creative_image_hover ekit_image_corner_zoom_back\">\n\t\t\t\t\t<div class=\"ekit_overlay_inner\"><\/div>\n\t\t\t\t\t<a class=\"ekit-wrapper-link\" href=\"https:\/\/royalbullystars.com\/de\/americki-buli\/olympus-bull-roxy\/\"><\/a>\t\t\t\t\t<div class=\"ekit_image_caption ekit_text_none  elementor-animation-shrink\" >\n\t\t\t\t\t\t<h2 class=\"ekit_image_caption_title ekit_hover_show  \" data-settings=\"{&quot;_animation&quot;:&quot;&quot;}\">\n\t\t\t\t\t\t\tOLYMPUS BULL ROXY\t\t\t\t\t\t<\/h2>\n\t\t\t\t\t\t<p class=\"ekit_image_caption_description   \" data-settings=\"{&quot;_animation&quot;:&quot;&quot;}\">\n\t\t\t\t\t\t\t\t\t\t\t\t\t<\/p>\n\t\t\t\t\t\t\t\t\n\t\t\t\t\t<\/div>\t\t\t\n\t\t\t\t<\/div>\n\t\t\t\t<img decoding=\"async\" src=\"https:\/\/royalbullystars.com\/wp-content\/uploads\/elementor\/thumbs\/1000131521-scaled-rb7nooyjeob4o1pjgxc5fz3rgpcd4xfuizn5gnj33k.jpg\" title=\"1000131521\" alt=\"1000131521\" loading=\"lazy\" \/>\t\t\t<\/div>\n\t\t<\/div>\t\t\t\t<\/div>\n\t\t\t\t<\/div>\n\t\t\t\t<div class=\"elementor-element elementor-element-6877262 elementor-widget elementor-widget-theme-post-title elementor-page-title elementor-widget-heading\" data-id=\"6877262\" data-element_type=\"widget\" data-e-type=\"widget\" data-widget_type=\"theme-post-title.default\">\n\t\t\t\t\t<h5 class=\"elementor-heading-title elementor-size-default\"><a href=\"https:\/\/royalbullystars.com\/de\/americki-buli\/olympus-bull-roxy\/\">OLYMPUS BULL ROXY<\/a><\/h5>\t\t\t\t<\/div>\n\t\t\t\t<div class=\"elementor-element elementor-element-343bc41 elementor-widget elementor-widget-text-editor\" data-id=\"343bc41\" data-element_type=\"widget\" data-e-type=\"widget\" data-widget_type=\"text-editor.default\">\n\t\t\t\t\t\t\t\t\t<ul>\n<li>H\u00fcndin<\/li>\n<li>VATER: BIG DOGS ROMANIA CONOR KAHN.<\/li>\n<li>MUTTER: LA MAGIC ETAPE FREYA<\/li>\n<\/ul>\n\t\t\t\t\t\t\t\t<\/div>\n\t\t\t\t\t<\/div>\n\t\t\t\t<\/div>\n\t\t\t\t<\/div>\n\t\t\t\t<div data-elementor-type=\"loop-item\" data-elementor-id=\"314\" class=\"elementor elementor-314 e-loop-item e-loop-item-1274 post-1274 americki-buli type-americki-buli status-publish has-post-thumbnail hentry vrsta-psa-erwachsener-amerikanischer-pocket-bully\" data-elementor-post-type=\"elementor_library\" data-custom-edit-handle=\"1\">\n\t\t\t<div class=\"elementor-element elementor-element-2fbfd58 e-flex e-con-boxed e-con e-parent\" data-id=\"2fbfd58\" data-element_type=\"container\" data-e-type=\"container\" data-settings=\"{&quot;background_background&quot;:&quot;classic&quot;}\">\n\t\t\t\t\t<div class=\"e-con-inner\">\n\t\t\t\t<div class=\"elementor-element elementor-element-d4ac81a elementor-widget elementor-widget-elementskit-image-hover-effect\" data-id=\"d4ac81a\" data-element_type=\"widget\" data-e-type=\"widget\" data-widget_type=\"elementskit-image-hover-effect.default\">\n\t\t\t\t<div class=\"elementor-widget-container\">\n\t\t\t\t\t<div class=\"ekit-wid-con\" >\t\t\t<div class=\"ekit_image_hover\">\n\t\t\t\t<div class=\"ekit_creative_image_hover ekit_image_corner_zoom_back\">\n\t\t\t\t\t<div class=\"ekit_overlay_inner\"><\/div>\n\t\t\t\t\t<a class=\"ekit-wrapper-link\" href=\"https:\/\/royalbullystars.com\/de\/americki-buli\/bigdogsromania-conor-cahn\/\"><\/a>\t\t\t\t\t<div class=\"ekit_image_caption ekit_text_none  elementor-animation-shrink\" >\n\t\t\t\t\t\t<h2 class=\"ekit_image_caption_title ekit_hover_show  \" data-settings=\"{&quot;_animation&quot;:&quot;&quot;}\">\n\t\t\t\t\t\t\tBigdogsromania Conor Cahn\t\t\t\t\t\t<\/h2>\n\t\t\t\t\t\t<p class=\"ekit_image_caption_description   \" data-settings=\"{&quot;_animation&quot;:&quot;&quot;}\">\n\t\t\t\t\t\t\t\t\t\t\t\t\t<\/p>\n\t\t\t\t\t\t\t\t\n\t\t\t\t\t<\/div>\t\t\t\n\t\t\t\t<\/div>\n\t\t\t\t<img decoding=\"async\" src=\"https:\/\/royalbullystars.com\/wp-content\/uploads\/elementor\/thumbs\/1000134293-rb5hebnnfu6977jqro4q86idz4q7kepidctl6ucrqo.jpg\" title=\"1000134293\" alt=\"1000134293\" loading=\"lazy\" \/>\t\t\t<\/div>\n\t\t<\/div>\t\t\t\t<\/div>\n\t\t\t\t<\/div>\n\t\t\t\t<div class=\"elementor-element elementor-element-6877262 elementor-widget elementor-widget-theme-post-title elementor-page-title elementor-widget-heading\" data-id=\"6877262\" data-element_type=\"widget\" data-e-type=\"widget\" data-widget_type=\"theme-post-title.default\">\n\t\t\t\t\t<h5 class=\"elementor-heading-title elementor-size-default\"><a href=\"https:\/\/royalbullystars.com\/de\/americki-buli\/bigdogsromania-conor-cahn\/\">Bigdogsromania Conor Cahn<\/a><\/h5>\t\t\t\t<\/div>\n\t\t\t\t<div class=\"elementor-element elementor-element-343bc41 elementor-widget elementor-widget-text-editor\" data-id=\"343bc41\" data-element_type=\"widget\" data-e-type=\"widget\" data-widget_type=\"text-editor.default\">\n\t\t\t\t\t\t\t\t\t<ul>\n<li>R\u00fcde<\/li>\n<li>Vater: Big Dogs Romania Mr. COI.<\/li>\n<li>Mutter: Big Dogs Romania Izoleta.<\/li>\n<\/ul>\n\t\t\t\t\t\t\t\t<\/div>\n\t\t\t\t\t<\/div>\n\t\t\t\t<\/div>\n\t\t\t\t<\/div>\n\t\t\t\t<div data-elementor-type=\"loop-item\" data-elementor-id=\"314\" class=\"elementor elementor-314 e-loop-item e-loop-item-1287 post-1287 americki-buli type-americki-buli status-publish has-post-thumbnail hentry vrsta-psa-erwachsener-amerikanischer-pocket-bully\" data-elementor-post-type=\"elementor_library\" data-custom-edit-handle=\"1\">\n\t\t\t<div class=\"elementor-element elementor-element-2fbfd58 e-flex e-con-boxed e-con e-parent\" data-id=\"2fbfd58\" data-element_type=\"container\" data-e-type=\"container\" data-settings=\"{&quot;background_background&quot;:&quot;classic&quot;}\">\n\t\t\t\t\t<div class=\"e-con-inner\">\n\t\t\t\t<div class=\"elementor-element elementor-element-d4ac81a elementor-widget elementor-widget-elementskit-image-hover-effect\" data-id=\"d4ac81a\" data-element_type=\"widget\" data-e-type=\"widget\" data-widget_type=\"elementskit-image-hover-effect.default\">\n\t\t\t\t<div class=\"elementor-widget-container\">\n\t\t\t\t\t<div class=\"ekit-wid-con\" >\t\t\t<div class=\"ekit_image_hover\">\n\t\t\t\t<div class=\"ekit_creative_image_hover ekit_image_corner_zoom_back\">\n\t\t\t\t\t<div class=\"ekit_overlay_inner\"><\/div>\n\t\t\t\t\t<a class=\"ekit-wrapper-link\" href=\"https:\/\/royalbullystars.com\/de\/americki-buli\/die-zauberbuehne-zilla\/\"><\/a>\t\t\t\t\t<div class=\"ekit_image_caption ekit_text_none  elementor-animation-shrink\" >\n\t\t\t\t\t\t<h2 class=\"ekit_image_caption_title ekit_hover_show  \" data-settings=\"{&quot;_animation&quot;:&quot;&quot;}\">\n\t\t\t\t\t\t\tDie Zauberb\u00fchne Zilla\t\t\t\t\t\t<\/h2>\n\t\t\t\t\t\t<p class=\"ekit_image_caption_description   \" data-settings=\"{&quot;_animation&quot;:&quot;&quot;}\">\n\t\t\t\t\t\t\t\t\t\t\t\t\t<\/p>\n\t\t\t\t\t\t\t\t\n\t\t\t\t\t<\/div>\t\t\t\n\t\t\t\t<\/div>\n\t\t\t\t<img decoding=\"async\" src=\"https:\/\/royalbullystars.com\/wp-content\/uploads\/elementor\/thumbs\/1000138287-scaled-rb5hb17zipo4kcbrz8xqi0eb4kxymjnbx2mepz8dio.jpg\" title=\"1000138287\" alt=\"1000138287\" loading=\"lazy\" \/>\t\t\t<\/div>\n\t\t<\/div>\t\t\t\t<\/div>\n\t\t\t\t<\/div>\n\t\t\t\t<div class=\"elementor-element elementor-element-6877262 elementor-widget elementor-widget-theme-post-title elementor-page-title elementor-widget-heading\" data-id=\"6877262\" data-element_type=\"widget\" data-e-type=\"widget\" data-widget_type=\"theme-post-title.default\">\n\t\t\t\t\t<h5 class=\"elementor-heading-title elementor-size-default\"><a href=\"https:\/\/royalbullystars.com\/de\/americki-buli\/die-zauberbuehne-zilla\/\">Die Zauberb\u00fchne Zilla<\/a><\/h5>\t\t\t\t<\/div>\n\t\t\t\t<div class=\"elementor-element elementor-element-343bc41 elementor-widget elementor-widget-text-editor\" data-id=\"343bc41\" data-element_type=\"widget\" data-e-type=\"widget\" data-widget_type=\"text-editor.default\">\n\t\t\t\t\t\t\t\t\t<ul>\n<li>H\u00fcndin<\/li>\n<li>Vater: MSB PACITO<\/li>\n<li>Mutter: WF Bully Time Luna<\/li>\n<\/ul>\n\t\t\t\t\t\t\t\t<\/div>\n\t\t\t\t\t<\/div>\n\t\t\t\t<\/div>\n\t\t\t\t<\/div>\n\t\t\t\t<\/div>\n\t\t\n\t\t\t\t\t\t<\/div>\n\t\t\t\t<\/div>\n\t\t\t\t<div class=\"elementor-element elementor-element-b7df158 elementor-widget elementor-widget-heading\" data-id=\"b7df158\" data-element_type=\"widget\" data-e-type=\"widget\" data-widget_type=\"heading.default\">\n\t\t\t\t\t<h2 class=\"elementor-heading-title elementor-size-default\">Unsere Pocket Bully Hunde<\/h2>\t\t\t\t<\/div>\n\t\t\t\t<div class=\"elementor-element elementor-element-9a07e42 elementor-widget elementor-widget-text-editor\" data-id=\"9a07e42\" data-element_type=\"widget\" data-e-type=\"widget\" data-widget_type=\"text-editor.default\">\n\t\t\t\t\t\t\t\t\t<p>Unsere Pocket Bully Hunde stammen aus den ber\u00fchmtesten Zwingern und Blutlinien der Welt. Jahrelang haben wir M\u00fche, Zeit und Liebe investiert, um diese au\u00dfergew\u00f6hnliche Gruppe von Hunden zusammenzubringen. In ihren Stammb\u00e4umen finden Sie Champions und Grand Champions der ABKC-Rasse, und viele unserer Hunde tragen selbst Ausstellungstitel. Hinter jedem Namen verbirgt sich erstklassige Genetik \u2013 genau das, was wir an zuk\u00fcnftige Welpengenerationen weitergeben m\u00f6chten.   <\/p><h4>Die Gesundheit amerikanischer Pocket Bulls<\/h4><p>Die Gesundheit unserer Hunde hat f\u00fcr uns oberste Priorit\u00e4t. Alle unsere Hunde werden tier\u00e4rztlich untersucht, auf rassespezifische Erbkrankheiten getestet und mit h\u00f6chster Sorgfalt aufgezogen. Regelm\u00e4\u00dfige k\u00f6rperliche Bet\u00e4tigung, hochwertige Ern\u00e4hrung und Pr\u00e4vention sorgen daf\u00fcr, dass unsere Bullies in Topform sind. Auch auf die Sozialisierung legen wir gro\u00dfen Wert: Auch wenn sie rau wirken, sind diese Hunde wahre Liebespaare. Sie sind in einem famili\u00e4ren Umfeld aufgewachsen und an Kinder und andere Hunde gew\u00f6hnt. Ihr Temperament ist ausgeglichen \u2013 der American Bully ist als Familienhund bekannt, und unsere Hunde beweisen dies t\u00e4glich mit ihrer Zuneigung und ihrem Gehorsam.     <\/p><p>Unsere Hunde sind nicht nur Zuchttiere \u2013 sie sind in erster Linie unsere Haustiere und Familienmitglieder. Jeder dieser R\u00fcpel lebt mit uns, teilt unseren Alltag und schenkt uns bedingungslose Liebe, und wir schenken ihnen bedingungslose Liebe. Wir glauben, dass ein Hund, der geliebt und gut versorgt wird, sich vielfach revanchiert \u2013 das sehen wir an seiner Freude, seinem Gehorsam und seinem Erfolg.  <\/p><p>Wir sind stolz auf jeden Moment, den wir mit ihnen verbringen, sei es eine Ehrenrunde auf der Show oder ein entspanntes Spiel im Garten. Unsere Hunde spiegeln die jahrelange Arbeit zur Verbesserung der American Bully-Rasse wider, und jeder von ihnen ist auf seine Weise etwas Besonderes. Wir laden Sie ein, auf dieser Seite einen Blick in unsere kleine Bully-Welt zu werfen und selbst zu sehen, warum die Royal Bully Stars-Hunde unter den Pocket Bullys wahre Stars sind.  <\/p>\t\t\t\t\t\t\t\t<\/div>\n\t\t\t\t<div class=\"elementor-element elementor-element-d517384 elementor-widget elementor-widget-text-editor\" data-id=\"d517384\" data-element_type=\"widget\" data-e-type=\"widget\" data-widget_type=\"text-editor.default\">\n\t\t\t\t\t\t\t\t\t<h3>American Pocket Bully Preis<\/h3><p>Der Preis <strong>eines American Pocket Bully<\/strong> h\u00e4ngt von mehreren Faktoren ab \u2013 Herkunft, Abstammung, Blutlinien und der Qualit\u00e4t der Elterntiere. Hunde aus Championlinien mit best\u00e4tigter genetischer Herkunft werden h\u00f6her bewertet, da sie Gesundheit, einen stabilen Charakter und ein hervorragendes Aussehen garantieren. In unserer Zuchtst\u00e4tte <em>Royal Bully Stars<\/em> wird jeder Hund mit vollst\u00e4ndiger Dokumentation, Abstammung und tier\u00e4rztlichen Zertifikaten geliefert, sodass Kunden Sicherheit und Qualit\u00e4t erhalten.  <\/p><p>Wenn Sie weitere Informationen zum <strong>Preis von Pocket Bully-Welpen<\/strong> sowie zu den Reservierungs- und Kaufbedingungen w\u00fcnschen, kontaktieren Sie uns direkt \u00fcber <a href=\"https:\/\/royalbullystars.com\/kontakt\/\">die Kontaktseite<\/a> oder telefonisch. Wir geben Ihnen gerne alle Informationen und helfen Ihnen, Ihr ideales Haustier zu finden. <\/p>\t\t\t\t\t\t\t\t<\/div>\n\t\t\t\t\t<\/div>\n\t\t\t\t<\/div>\n\t\t\t\t<\/div>\n\t\t","protected":false},"excerpt":{"rendered":"<p>Royal Bully Stars Kennel Diese Hunde sind das Fundament unserer Zucht und der beste Beweis f\u00fcr die Qualit\u00e4t, auf die wir stolz sind. Jeder Hund, den Sie auf dieser Seite sehen, wurde sorgf\u00e4ltig aufgrund seiner au\u00dfergew\u00f6hnlichen Eigenschaften ausgew\u00e4hlt: vom beeindruckenden Aussehen \u00fcber die hervorragende Abstammung bis hin zum wunderbaren Charakter. Unsere Pocket Bully Hunde Unsere [&hellip;]<\/p>\n","protected":false},"author":1,"featured_media":0,"parent":0,"menu_order":0,"comment_status":"closed","ping_status":"closed","template":"","meta":{"footnotes":""},"class_list":["post-1309","page","type-page","status-publish","hentry"],"_links":{"self":[{"href":"https:\/\/royalbullystars.com\/de\/wp-json\/wp\/v2\/pages\/1309","targetHints":{"allow":["GET"]}}],"collection":[{"href":"https:\/\/royalbullystars.com\/de\/wp-json\/wp\/v2\/pages"}],"about":[{"href":"https:\/\/royalbullystars.com\/de\/wp-json\/wp\/v2\/types\/page"}],"author":[{"embeddable":true,"href":"https:\/\/royalbullystars.com\/de\/wp-json\/wp\/v2\/users\/1"}],"replies":[{"embeddable":true,"href":"https:\/\/royalbullystars.com\/de\/wp-json\/wp\/v2\/comments?post=1309"}],"version-history":[{"count":0,"href":"https:\/\/royalbullystars.com\/de\/wp-json\/wp\/v2\/pages\/1309\/revisions"}],"wp:attachment":[{"href":"https:\/\/royalbullystars.com\/de\/wp-json\/wp\/v2\/media?parent=1309"}],"curies":[{"name":"wp","href":"https:\/\/api.w.org\/{rel}","templated":true}]}}