{"id":1235,"date":"2025-09-02T04:59:34","date_gmt":"2025-09-02T04:59:34","guid":{"rendered":"https:\/\/royalbullystars.com\/american-bully-welpen-zu-verkaufen\/"},"modified":"2025-09-04T05:49:29","modified_gmt":"2025-09-04T05:49:29","slug":"american-bully-welpen-zu-verkaufen","status":"publish","type":"page","link":"https:\/\/royalbullystars.com\/de\/american-bully-welpen-zu-verkaufen\/","title":{"rendered":"American Bully Welpen zu verkaufen"},"content":{"rendered":"\t\t<div data-elementor-type=\"wp-page\" data-elementor-id=\"1235\" class=\"elementor elementor-1235 elementor-108\" data-elementor-post-type=\"page\">\n\t\t\t\t<div class=\"elementor-element elementor-element-d66fc0c e-flex e-con-boxed e-con e-parent\" data-id=\"d66fc0c\" data-element_type=\"container\" data-e-type=\"container\" data-settings=\"{&quot;background_background&quot;:&quot;classic&quot;}\">\n\t\t\t\t\t<div class=\"e-con-inner\">\n\t\t\t\t<div class=\"elementor-element elementor-element-57b44ea elementor-mobile-align-center elementor-widget elementor-widget-breadcrumbs\" data-id=\"57b44ea\" data-element_type=\"widget\" data-e-type=\"widget\" data-widget_type=\"breadcrumbs.default\">\n\t\t\t\t<div class=\"elementor-widget-container\">\n\t\t\t\t\t<span><span class=\"last\">Royal Bully Stars Kennel<\/span><\/span>\t\t\t\t<\/div>\n\t\t\t\t<\/div>\n\t\t\t\t<div class=\"elementor-element elementor-element-5bd863b elementor-widget elementor-widget-text-editor\" data-id=\"5bd863b\" data-element_type=\"widget\" data-e-type=\"widget\" data-widget_type=\"text-editor.default\">\n\t\t\t\t\t\t\t\t\t<p>Pocket Bully Welpen zu verkaufen \u2013 Top-Qualit\u00e4t f\u00fcr echte Rassenliebhaber! Jeder Welpe aus der Royal Bully Stars Zucht ist das Ergebnis sorgf\u00e4ltiger Planung und Liebe zur Rasse. Wir kombinieren die besten Blutlinien, um gesunde, regelm\u00e4\u00dfige und vor allem wundervolle Familienhunde zu erhalten.  <\/p>\t\t\t\t\t\t\t\t<\/div>\n\t\t\t\t\t<\/div>\n\t\t\t\t<\/div>\n\t\t<div class=\"elementor-element elementor-element-2315d26 e-flex e-con-boxed e-con e-parent\" data-id=\"2315d26\" data-element_type=\"container\" data-e-type=\"container\">\n\t\t\t\t\t<div class=\"e-con-inner\">\n\t\t\t\t<div class=\"elementor-element elementor-element-34c7c57 elementor-grid-2 elementor-grid-tablet-2 elementor-grid-mobile-1 elementor-widget elementor-widget-loop-grid\" data-id=\"34c7c57\" data-element_type=\"widget\" data-e-type=\"widget\" data-settings=\"{&quot;template_id&quot;:314,&quot;columns&quot;:2,&quot;_skin&quot;:&quot;post&quot;,&quot;columns_tablet&quot;:&quot;2&quot;,&quot;columns_mobile&quot;:&quot;1&quot;,&quot;edit_handle_selector&quot;:&quot;[data-elementor-type=\\&quot;loop-item\\&quot;]&quot;,&quot;row_gap&quot;:{&quot;unit&quot;:&quot;px&quot;,&quot;size&quot;:&quot;&quot;,&quot;sizes&quot;:[]},&quot;row_gap_tablet&quot;:{&quot;unit&quot;:&quot;px&quot;,&quot;size&quot;:&quot;&quot;,&quot;sizes&quot;:[]},&quot;row_gap_mobile&quot;:{&quot;unit&quot;:&quot;px&quot;,&quot;size&quot;:&quot;&quot;,&quot;sizes&quot;:[]}}\" data-widget_type=\"loop-grid.post\">\n\t\t\t\t<div class=\"elementor-widget-container\">\n\t\t\t\t\t\t\t<div class=\"elementor-loop-container elementor-grid\" role=\"list\">\n\t\t<style id=\"loop-314\">.elementor-314 .elementor-element.elementor-element-2fbfd58{--display:flex;border-style:solid;--border-style:solid;border-width:1px 1px 1px 1px;--border-top-width:1px;--border-right-width:1px;--border-bottom-width:1px;--border-left-width:1px;border-color:var( --e-global-color-57a29b1 );--border-color:var( --e-global-color-57a29b1 );--padding-top:10px;--padding-bottom:10px;--padding-left:10px;--padding-right:10px;}.elementor-314 .elementor-element.elementor-element-2fbfd58:not(.elementor-motion-effects-element-type-background), .elementor-314 .elementor-element.elementor-element-2fbfd58 > .elementor-motion-effects-container > .elementor-motion-effects-layer{background-color:var( --e-global-color-304d273 );}.elementor-314 .elementor-element.elementor-element-d4ac81a .ekit_image_caption_title, .elementor-314 .elementor-element.elementor-element-d4ac81a .ekit_image_caption_title_show{font-family:\"Roboto\", Sans-serif;font-size:1.2em;font-weight:600;}.elementor-314 .elementor-element.elementor-element-d4ac81a .ekit_image_caption_title span, .elementor-314 .elementor-element.elementor-element-d4ac81a .ekit_image_caption_title_show span{font-family:\"Roboto\", Sans-serif;}.elementor-314 .elementor-element.elementor-element-d4ac81a .ekit_image_caption_title{margin:0px 0px 0px 0px;}.elementor-314 .elementor-element.elementor-element-d4ac81a .ekit_image_caption_description, .elementor-314 .elementor-element.elementor-element-d4ac81a .ekit_image_caption_description_show{font-family:\"Roboto\", Sans-serif;}.elementor-314 .elementor-element.elementor-element-d4ac81a .ekit_image_caption_description{margin:10px 0px 8px 0px;}.elementor-314 .elementor-element.elementor-element-d4ac81a .ekit_image_corner_zoom_back::before, .elementor-314 .elementor-element.elementor-element-d4ac81a .ekit_image_corner_zoom_back::after, .elementor-314 .elementor-element.elementor-element-d4ac81a .ekit_image_corner_zoom_back .ekit_overlay_inner::before, .elementor-314 .elementor-element.elementor-element-d4ac81a .ekit_image_corner_zoom_back .ekit_overlay_inner::after{border-color:var( --e-global-color-primary );}.elementor-314 .elementor-element.elementor-element-d4ac81a .ekit_image_blend_mode::after{border-color:var( --e-global-color-primary );border-width:10px;}.elementor-314 .elementor-element.elementor-element-d4ac81a .ekit_creative_image_hover::before, .elementor-314 .elementor-element.elementor-element-d4ac81a .ekit_creative_image_hover::after, .elementor-314 .elementor-element.elementor-element-d4ac81a .ekit_creative_image_hover .ekit_overlay_inner::before, .elementor-314 .elementor-element.elementor-element-d4ac81a .ekit_creative_image_hover .ekit_overlay_inner::after{background-color:var( --e-global-color-primary );}.elementor-314 .elementor-element.elementor-element-d4ac81a .ekit_image_corner_zoom_back::before{border-width:0px 10px 10px 0px;}.elementor-314 .elementor-element.elementor-element-d4ac81a .ekit_image_corner_zoom_back::after{border-width:0px 0px 10px 10px;}.elementor-314 .elementor-element.elementor-element-d4ac81a .ekit_image_corner_zoom_back .ekit_overlay_inner::before{border-width:10px 10px 0px 0px;}.elementor-314 .elementor-element.elementor-element-d4ac81a .ekit_image_corner_zoom_back .ekit_overlay_inner::after{border-width:10px 0px 0px 10px;}.elementor-314 .elementor-element.elementor-element-d4ac81a .ekit_image_border_reveal_horizontal::before, .elementor-314 .elementor-element.elementor-element-d4ac81a .ekit_image_border_reveal_horizontal::after{height:10px;}.elementor-314 .elementor-element.elementor-element-d4ac81a .ekit_image_border_reveal_horizontal .ekit_overlay_inner::before, .elementor-314 .elementor-element.elementor-element-d4ac81a .ekit_image_border_reveal_horizontal .ekit_overlay_inner::after{width:10px;}.elementor-314 .elementor-element.elementor-element-d4ac81a .ekit-wid-con .ekit_image_hover > img{opacity:0.5;}.elementor-314 .elementor-element.elementor-element-d4ac81a .ekit-wid-con .ekit_image_hover:hover > img{opacity:0.8;}.elementor-314 .elementor-element.elementor-element-6877262{text-align:center;padding:5px 5px 5px 5px;background-color:var( --e-global-color-primary );}.elementor-314 .elementor-element.elementor-element-6877262 .elementor-heading-title{color:var( --e-global-color-21bfb04 );}<\/style>\t\t<div data-elementor-type=\"loop-item\" data-elementor-id=\"314\" class=\"elementor elementor-314 e-loop-item e-loop-item-1342 post-1342 americki-buli type-americki-buli status-publish has-post-thumbnail hentry vrsta-psa-american-bully-welpen\" data-elementor-post-type=\"elementor_library\" data-custom-edit-handle=\"1\">\n\t\t\t<div class=\"elementor-element elementor-element-2fbfd58 e-flex e-con-boxed e-con e-parent\" data-id=\"2fbfd58\" data-element_type=\"container\" data-e-type=\"container\" data-settings=\"{&quot;background_background&quot;:&quot;classic&quot;}\">\n\t\t\t\t\t<div class=\"e-con-inner\">\n\t\t\t\t<div class=\"elementor-element elementor-element-d4ac81a elementor-widget elementor-widget-elementskit-image-hover-effect\" data-id=\"d4ac81a\" data-element_type=\"widget\" data-e-type=\"widget\" data-widget_type=\"elementskit-image-hover-effect.default\">\n\t\t\t\t<div class=\"elementor-widget-container\">\n\t\t\t\t\t<div class=\"ekit-wid-con\" >\t\t\t<div class=\"ekit_image_hover\">\n\t\t\t\t<div class=\"ekit_creative_image_hover ekit_image_corner_zoom_back\">\n\t\t\t\t\t<div class=\"ekit_overlay_inner\"><\/div>\n\t\t\t\t\t<a class=\"ekit-wrapper-link\" href=\"https:\/\/royalbullystars.com\/de\/americki-buli\/american-bully-welpen-geboren-am-17-07-2025\/\"><\/a>\t\t\t\t\t<div class=\"ekit_image_caption ekit_text_none  elementor-animation-shrink\" >\n\t\t\t\t\t\t<h2 class=\"ekit_image_caption_title ekit_hover_show  \" data-settings=\"{&quot;_animation&quot;:&quot;&quot;}\">\n\t\t\t\t\t\t\tAmerican Bully Welpen geboren am 19.09.2025.\t\t\t\t\t\t<\/h2>\n\t\t\t\t\t\t<p class=\"ekit_image_caption_description   \" data-settings=\"{&quot;_animation&quot;:&quot;&quot;}\">\n\t\t\t\t\t\t\t\t\t\t\t\t\t<\/p>\n\t\t\t\t\t\t\t\t\n\t\t\t\t\t<\/div>\t\t\t\n\t\t\t\t<\/div>\n\t\t\t\t<img decoding=\"async\" src=\"https:\/\/royalbullystars.com\/wp-content\/uploads\/elementor\/thumbs\/7676-rhp9g2jk0u4crofx2dhdr7wm1sc8xyf7b6hrmd1mk0.jpeg\" title=\"7676\" alt=\"Female\" loading=\"lazy\" \/>\t\t\t<\/div>\n\t\t<\/div>\t\t\t\t<\/div>\n\t\t\t\t<\/div>\n\t\t\t\t<div class=\"elementor-element elementor-element-6877262 elementor-widget elementor-widget-theme-post-title elementor-page-title elementor-widget-heading\" data-id=\"6877262\" data-element_type=\"widget\" data-e-type=\"widget\" data-widget_type=\"theme-post-title.default\">\n\t\t\t\t\t<h5 class=\"elementor-heading-title elementor-size-default\"><a href=\"https:\/\/royalbullystars.com\/de\/americki-buli\/american-bully-welpen-geboren-am-17-07-2025\/\">American Bully Welpen geboren am 19.09.2025.<\/a><\/h5>\t\t\t\t<\/div>\n\t\t\t\t<div class=\"elementor-element elementor-element-343bc41 elementor-widget elementor-widget-text-editor\" data-id=\"343bc41\" data-element_type=\"widget\" data-e-type=\"widget\" data-widget_type=\"text-editor.default\">\n\t\t\t\t\t\t\t\t\t<ul>\n<li>Geboren: 19.09.2025.<\/li>\n<li>Vater: Ragnar<\/li>\n<li>Mutter: Roxy<\/li>\n<li>Alle Impfungen erhalten.<\/li>\n<\/ul>\n\t\t\t\t\t\t\t\t<\/div>\n\t\t\t\t\t<\/div>\n\t\t\t\t<\/div>\n\t\t\t\t<\/div>\n\t\t\t\t<div data-elementor-type=\"loop-item\" data-elementor-id=\"314\" class=\"elementor elementor-314 e-loop-item e-loop-item-1261 post-1261 americki-buli type-americki-buli status-publish has-post-thumbnail hentry vrsta-psa-american-bully-welpen\" data-elementor-post-type=\"elementor_library\" data-custom-edit-handle=\"1\">\n\t\t\t<div class=\"elementor-element elementor-element-2fbfd58 e-flex e-con-boxed e-con e-parent\" data-id=\"2fbfd58\" data-element_type=\"container\" data-e-type=\"container\" data-settings=\"{&quot;background_background&quot;:&quot;classic&quot;}\">\n\t\t\t\t\t<div class=\"e-con-inner\">\n\t\t\t\t<div class=\"elementor-element elementor-element-d4ac81a elementor-widget elementor-widget-elementskit-image-hover-effect\" data-id=\"d4ac81a\" data-element_type=\"widget\" data-e-type=\"widget\" data-widget_type=\"elementskit-image-hover-effect.default\">\n\t\t\t\t<div class=\"elementor-widget-container\">\n\t\t\t\t\t<div class=\"ekit-wid-con\" >\t\t\t<div class=\"ekit_image_hover\">\n\t\t\t\t<div class=\"ekit_creative_image_hover ekit_image_corner_zoom_back\">\n\t\t\t\t\t<div class=\"ekit_overlay_inner\"><\/div>\n\t\t\t\t\t<a class=\"ekit-wrapper-link\" href=\"https:\/\/royalbullystars.com\/de\/americki-buli\/american-bully-welpen-geboren-am-07-07-2025\/\"><\/a>\t\t\t\t\t<div class=\"ekit_image_caption ekit_text_none  elementor-animation-shrink\" >\n\t\t\t\t\t\t<h2 class=\"ekit_image_caption_title ekit_hover_show  \" data-settings=\"{&quot;_animation&quot;:&quot;&quot;}\">\n\t\t\t\t\t\t\tAmerican Bully Welpen geboren am 19.09.2025.\t\t\t\t\t\t<\/h2>\n\t\t\t\t\t\t<p class=\"ekit_image_caption_description   \" data-settings=\"{&quot;_animation&quot;:&quot;&quot;}\">\n\t\t\t\t\t\t\t\t\t\t\t\t\t<\/p>\n\t\t\t\t\t\t\t\t\n\t\t\t\t\t<\/div>\t\t\t\n\t\t\t\t<\/div>\n\t\t\t\t<img decoding=\"async\" src=\"https:\/\/royalbullystars.com\/wp-content\/uploads\/elementor\/thumbs\/edo1-rmhpejqkpw9dv7v404tp3oobflxs458w6jjkwdf0j4.jpg\" title=\"edo1\" alt=\"edo1\" loading=\"lazy\" \/>\t\t\t<\/div>\n\t\t<\/div>\t\t\t\t<\/div>\n\t\t\t\t<\/div>\n\t\t\t\t<div class=\"elementor-element elementor-element-6877262 elementor-widget elementor-widget-theme-post-title elementor-page-title elementor-widget-heading\" data-id=\"6877262\" data-element_type=\"widget\" data-e-type=\"widget\" data-widget_type=\"theme-post-title.default\">\n\t\t\t\t\t<h5 class=\"elementor-heading-title elementor-size-default\"><a href=\"https:\/\/royalbullystars.com\/de\/americki-buli\/american-bully-welpen-geboren-am-07-07-2025\/\">American Bully Welpen geboren am 19.09.2025.<\/a><\/h5>\t\t\t\t<\/div>\n\t\t\t\t<div class=\"elementor-element elementor-element-343bc41 elementor-widget elementor-widget-text-editor\" data-id=\"343bc41\" data-element_type=\"widget\" data-e-type=\"widget\" data-widget_type=\"text-editor.default\">\n\t\t\t\t\t\t\t\t\t<ul>\n<li>Geboren: 19.09.2025.<\/li>\n<li>Vater: Ragnar<\/li>\n<li>Mutter: Roxy<\/li>\n<li>Wir bieten ein dreifarbiges Herrenoberteil an.<\/li>\n<li>Alle Impfungen erhalten.<\/li>\n<\/ul>\n\t\t\t\t\t\t\t\t<\/div>\n\t\t\t\t\t<\/div>\n\t\t\t\t<\/div>\n\t\t\t\t<\/div>\n\t\t\t\t<\/div>\n\t\t\n\t\t\t\t\t\t<\/div>\n\t\t\t\t<\/div>\n\t\t\t\t\t<\/div>\n\t\t\t\t<\/div>\n\t\t<div class=\"elementor-element elementor-element-1c4bcbf e-flex e-con-boxed e-con e-parent\" data-id=\"1c4bcbf\" data-element_type=\"container\" data-e-type=\"container\">\n\t\t\t\t\t<div class=\"e-con-inner\">\n\t\t\t\t<div class=\"elementor-element elementor-element-a21ff65 elementor-widget elementor-widget-text-editor\" data-id=\"a21ff65\" data-element_type=\"widget\" data-e-type=\"widget\" data-widget_type=\"text-editor.default\">\n\t\t\t\t\t\t\t\t\t<p>Sollten aktuell keine Welpen verf\u00fcgbar sein, kontaktieren Sie uns bitte \u2013 wir planen regelm\u00e4\u00dfig neue W\u00fcrfe und es besteht die M\u00f6glichkeit, einen Welpen vorab zu reservieren. Unsere Pocket Bully-W\u00fcrfe sind limitiert und sorgf\u00e4ltig geplant, denn wir setzen auf Qualit\u00e4t, nicht auf Quantit\u00e4t. <\/p><p>Was Sie von unseren Welpen erwarten k\u00f6nnen: Jeder unserer Welpen w\u00e4chst in h\u00e4uslichen Verh\u00e4ltnissen mit st\u00e4ndiger F\u00fcrsorge und Sozialisierung auf. Von klein auf gew\u00f6hnen wir sie an menschliche Ber\u00fchrung, Spiel und allt\u00e4gliche Ger\u00e4usche, sodass sie selbstbewusst und verspielt sind, wenn sie in Ihre Familie kommen. Die Eltern der Welpen sind sorgf\u00e4ltig ausgew\u00e4hlte American Bully-Exemplare mit hervorragender Abstammung und gesundem Charakter, was die Qualit\u00e4t der Nachkommen garantiert.  <\/p>\t\t\t\t\t\t\t\t<\/div>\n\t\t\t\t<div class=\"elementor-element elementor-element-57edb92 elementor-widget elementor-widget-text-editor\" data-id=\"57edb92\" data-element_type=\"widget\" data-e-type=\"widget\" data-widget_type=\"text-editor.default\">\n\t\t\t\t\t\t\t\t\t<h4>Gesundheit und Dokumentation von Mobbern<\/h4><p>Wir legen gro\u00dfen Wert auf die Gesundheit der Welpen. Alle Welpen werden tier\u00e4rztlich untersucht, bevor sie in ihr neues Zuhause kommen. Der K\u00e4ufer erh\u00e4lt vollst\u00e4ndige Unterlagen und jeder Welpe wird mitgeliefert:  <\/p><ul><li><strong>Impfung und Entwurmung<\/strong> : Die Welpen werden altersgerecht geimpft und gem\u00e4\u00df tier\u00e4rztlicher Empfehlung vorbeugend wiederholt entwurmt.<\/li><li><strong>Mit Mikrochip und Pass<\/strong> : Jeder Welpe wird mit einem Mikrochip gekennzeichnet (in der Datenbank registriert) und bekommt einen EU-Veterin\u00e4rpass ausgestellt, der die \u00dcberwachung der Impfungen erleichtert und Reisen ins Ausland erm\u00f6glicht.<\/li><li><strong>Stammbaum<\/strong> : Mit dem Welpen erhalten Sie einen ABKC-Stammbaum, der die Herkunft \u00fcber mehrere Generationen best\u00e4tigt. Wir sind stolz auf die in diesen Stammb\u00e4umen registrierten Champion-Blutlinien \u2013 dies ist eine Garantie f\u00fcr genetische Qualit\u00e4t. <\/li><li><strong>Gesundheitszeugnis<\/strong> : Auf Wunsch stellen wir Ihnen unmittelbar vor der Abgabe ein tier\u00e4rztliches Zeugnis \u00fcber den Gesundheitszustand des Welpen aus. So k\u00f6nnen Sie sicher sein, dass der Welpe klinisch gesund, munter und bereit f\u00fcr ein neues Zuhause ist. <\/li><\/ul>\t\t\t\t\t\t\t\t<\/div>\n\t\t\t\t<div class=\"elementor-element elementor-element-4aa9450 elementor-widget elementor-widget-text-editor\" data-id=\"4aa9450\" data-element_type=\"widget\" data-e-type=\"widget\" data-widget_type=\"text-editor.default\">\n\t\t\t\t\t\t\t\t\t<h4>Wie w\u00e4hlen wir die Eltern f\u00fcr American Pocket Bull-W\u00fcrfe aus?<\/h4><p>Die Eltern unserer Welpen sind gepr\u00fcfte und gesunde Exemplare der Rasse. Wir achten auf Genetik, Aussehen und Charakter, um Nachkommen zu erhalten, die den Standards <em>der Rasse American Bully<\/em> entsprechen. <\/p><h5>Stammbaum und Dokumentation<\/h5><p>Jeder Welpe wird mit einem vollst\u00e4ndigen Stammbaum und einer Dokumentation geliefert. Damit garantieren wir die Herkunft und geben zuk\u00fcnftigen Besitzern Sicherheit. <\/p><h5>Verhalten und Charakter von Welpen<\/h5><p>Obwohl sie stark und muskul\u00f6s aussehen, sind <strong>American Bully-Welpen<\/strong> f\u00fcr ihr sanftes Wesen bekannt. Wir ziehen sie in einem famili\u00e4ren Umfeld auf, wo sie lernen, mit Menschen, Kindern und anderen Tieren umzugehen. Auf diese Weise werden sie stabil, anh\u00e4nglich und bereit f\u00fcr ein neues Zuhause.  <\/p><h5>Sozialisierung von Welpen vom ersten Tag an<\/h5><p>Unsere Welpen wachsen mit Spiel, Aufmerksamkeit und Liebe auf. Dies hilft ihnen, ein stabiles Temperament zu entwickeln und zu Hunden zu werden, die ihren Besitzern Freude bereiten. <\/p><h3>American Pocket Bully Welpen zu verkaufen &#8211; Preis und Bedingungen<\/h3><p><strong>Der Preis eines American Bully Welpen<\/strong> h\u00e4ngt von der Abstammung, dem Stammbaum und der Qualit\u00e4t der Elterntiere ab. In unserer Zucht erhalten Sie einen Welpen mit vollst\u00e4ndigen Unterlagen, Impfungen und tier\u00e4rztlicher Untersuchung. F\u00fcr genaue Informationen zu aktuellen W\u00fcrfen und Preisen kontaktieren Sie uns direkt \u00fcber <a href=\"https:\/\/royalbullystars.com\/kontakt\/\">die Kontaktseite<\/a> .  <\/p>\t\t\t\t\t\t\t\t<\/div>\n\t\t\t\t\t<\/div>\n\t\t\t\t<\/div>\n\t\t\t\t<\/div>\n\t\t","protected":false},"excerpt":{"rendered":"<p>Royal Bully Stars Kennel Pocket Bully Welpen zu verkaufen \u2013 Top-Qualit\u00e4t f\u00fcr echte Rassenliebhaber! Jeder Welpe aus der Royal Bully Stars Zucht ist das Ergebnis sorgf\u00e4ltiger Planung und Liebe zur Rasse. Wir kombinieren die besten Blutlinien, um gesunde, regelm\u00e4\u00dfige und vor allem wundervolle Familienhunde zu erhalten. Sollten aktuell keine Welpen verf\u00fcgbar sein, kontaktieren Sie uns [&hellip;]<\/p>\n","protected":false},"author":1,"featured_media":0,"parent":0,"menu_order":0,"comment_status":"closed","ping_status":"closed","template":"","meta":{"footnotes":""},"class_list":["post-1235","page","type-page","status-publish","hentry"],"_links":{"self":[{"href":"https:\/\/royalbullystars.com\/de\/wp-json\/wp\/v2\/pages\/1235","targetHints":{"allow":["GET"]}}],"collection":[{"href":"https:\/\/royalbullystars.com\/de\/wp-json\/wp\/v2\/pages"}],"about":[{"href":"https:\/\/royalbullystars.com\/de\/wp-json\/wp\/v2\/types\/page"}],"author":[{"embeddable":true,"href":"https:\/\/royalbullystars.com\/de\/wp-json\/wp\/v2\/users\/1"}],"replies":[{"embeddable":true,"href":"https:\/\/royalbullystars.com\/de\/wp-json\/wp\/v2\/comments?post=1235"}],"version-history":[{"count":0,"href":"https:\/\/royalbullystars.com\/de\/wp-json\/wp\/v2\/pages\/1235\/revisions"}],"wp:attachment":[{"href":"https:\/\/royalbullystars.com\/de\/wp-json\/wp\/v2\/media?parent=1235"}],"curies":[{"name":"wp","href":"https:\/\/api.w.org\/{rel}","templated":true}]}}